{"id":895,"date":"2020-08-03T14:54:24","date_gmt":"2020-08-03T12:54:24","guid":{"rendered":"http:\/\/www.axes.intralia\/1\/?page_id=895"},"modified":"2024-02-02T11:10:50","modified_gmt":"2024-02-02T10:10:50","slug":"z-zycia-firmy","status":"publish","type":"page","link":"https:\/\/www.axes.com.pl\/?page_id=895","title":{"rendered":"Z \u017cycia firmy"},"content":{"rendered":"\t\t<div data-elementor-type=\"wp-page\" data-elementor-id=\"895\" class=\"elementor elementor-895\" data-elementor-settings=\"[]\">\n\t\t\t\t\t\t<div class=\"elementor-inner\">\n\t\t\t\t\t\t\t<div class=\"elementor-section-wrap\">\n\t\t\t\t\t\t\t<section class=\"elementor-section elementor-top-section elementor-element elementor-element-945e9a7 elementor-section-stretched elementor-section-full_width elementor-section-height-default elementor-section-height-default\" data-id=\"945e9a7\" data-element_type=\"section\" data-settings=\"{&quot;stretch_section&quot;:&quot;section-stretched&quot;,&quot;ekit_has_onepagescroll_dot&quot;:&quot;yes&quot;}\">\n\t\t\t\t\t\t<div class=\"elementor-container elementor-column-gap-default\">\n\t\t\t\t\t\t\t<div class=\"elementor-row\">\n\t\t\t\t\t<div class=\"elementor-column elementor-col-100 elementor-top-column elementor-element elementor-element-2914ad0\" data-id=\"2914ad0\" data-element_type=\"column\">\n\t\t\t<div class=\"elementor-column-wrap elementor-element-populated\">\n\t\t\t\t\t\t\t<div class=\"elementor-widget-wrap\">\n\t\t\t\t\t\t<div class=\"elementor-element elementor-element-a185a4e elementor-hidden-tablet elementor-hidden-phone elementor-widget-divider--view-line elementor-widget elementor-widget-divider\" data-id=\"a185a4e\" data-element_type=\"widget\" data-widget_type=\"divider.default\">\n\t\t\t\t<div class=\"elementor-widget-container\">\n\t\t\t\t\t<div class=\"elementor-divider\">\n\t\t\t<span class=\"elementor-divider-separator\">\n\t\t\t\t\t\t<\/span>\n\t\t<\/div>\n\t\t\t\t<\/div>\n\t\t\t\t<\/div>\n\t\t\t\t<div class=\"elementor-element elementor-element-ce722fc pa-aspect-ratio-219 elementor-widget elementor-widget-premium-addon-video-box\" data-id=\"ce722fc\" data-element_type=\"widget\" data-settings=\"{&quot;aspect_ratio&quot;:&quot;219&quot;}\" data-widget_type=\"premium-addon-video-box.default\">\n\t\t\t\t<div class=\"elementor-widget-container\">\n\t\t\t\n    <div id=\"premium-video-box-container-ce722fc\" class=\"premium-video-box-container\" data-overlay=\"false\" data-type=\"self\" data-thumbnail=\"\">\n                <div class=\"premium-video-box-inner-wrap\">\n            <div class=\"premium-video-box-video-container\">\n                                    <video src=\"https:\/\/www.axes.com.pl\/wp-content\/uploads\/2020\/07\/VID_20190914_100503_1.mp4\" muted loop autoplay><\/video>\n                            <\/div>\n                <div class=\"premium-video-box-image-container\" style=\"background-image: transparent;\"><\/div>\n                                                                <\/div>\n    <\/div>\n\n    \t\t<\/div>\n\t\t\t\t<\/div>\n\t\t\t\t<div class=\"elementor-element elementor-element-a1b14a5 elementor-widget-divider--view-line elementor-widget elementor-widget-divider\" data-id=\"a1b14a5\" data-element_type=\"widget\" data-widget_type=\"divider.default\">\n\t\t\t\t<div class=\"elementor-widget-container\">\n\t\t\t\t\t<div class=\"elementor-divider\">\n\t\t\t<span class=\"elementor-divider-separator\">\n\t\t\t\t\t\t<\/span>\n\t\t<\/div>\n\t\t\t\t<\/div>\n\t\t\t\t<\/div>\n\t\t\t\t<div class=\"elementor-element elementor-element-a8c496a elementor-widget elementor-widget-ucaddon_gradient_text_effect\" data-id=\"a8c496a\" data-element_type=\"widget\" data-widget_type=\"ucaddon_gradient_text_effect.default\">\n\t\t\t\t<div class=\"elementor-widget-container\">\n\t\t\t<!-- start Gradient Text Effect -->\n\t\t\t<style type=\"text\/css\">\/* widget: Gradient Text Effect *\/\n\n#uc_gradient_text_effect_elementor11760 {\n  color: #00d7ff;\n}\n\n\n\n@supports ((background-clip: text) or (-webkit-background-clip: text)) and ((text-fill-color: transparent) or (-webkit-text-fill-color: transparent)) {\n  #uc_gradient_text_effect_elementor11760 {\n    background-image: linear-gradient(\n      90deg,\n      #00d7ff 0%,\n      #5f00ff 100%\n    );\n    background-size: cover;\n    -webkit-background-clip: text;\n    background-clip: text;\n    -webkit-text-fill-color: transparent;\n    text-fill-color: transparent;\n    display:inline-block;\n    \n  }\n}\n\n<\/style>\n\n\t\t\t<div style=\"text-align:center;\">\n  <span><span  class=\"uc_style_gradient_text_effect_elementor_beginning_text\" style=\"color:#FFFFFF;text-shadow: 0px 0px 10px #000000;position: absolute;left: 0;right: 0;bottom: 15vh;\">Z \u017cycia firmy<\/span> <\/span> \n  <span id=\"uc_gradient_text_effect_elementor11760\">  <\/span>\n  <span>  <\/span>\n<\/div>\n\t\t\t<!-- end Gradient Text Effect -->\t\t<\/div>\n\t\t\t\t<\/div>\n\t\t\t\t\t\t<\/div>\n\t\t\t\t\t<\/div>\n\t\t<\/div>\n\t\t\t\t\t\t\t\t<\/div>\n\t\t\t\t\t<\/div>\n\t\t<\/section>\n\t\t\t\t<section class=\"elementor-section elementor-top-section elementor-element elementor-element-2003bee elementor-section-boxed elementor-section-height-default elementor-section-height-default\" data-id=\"2003bee\" data-element_type=\"section\" data-settings=\"{&quot;ekit_has_onepagescroll_dot&quot;:&quot;yes&quot;}\">\n\t\t\t\t\t\t<div class=\"elementor-container elementor-column-gap-default\">\n\t\t\t\t\t\t\t<div class=\"elementor-row\">\n\t\t\t\t\t<div class=\"elementor-column elementor-col-100 elementor-top-column elementor-element elementor-element-14ceaae\" data-id=\"14ceaae\" data-element_type=\"column\">\n\t\t\t<div class=\"elementor-column-wrap elementor-element-populated\">\n\t\t\t\t\t\t\t<div class=\"elementor-widget-wrap\">\n\t\t\t\t\t\t<div class=\"elementor-element elementor-element-4b42288 elementor-widget elementor-widget-heading\" data-id=\"4b42288\" data-element_type=\"widget\" data-widget_type=\"heading.default\">\n\t\t\t\t<div class=\"elementor-widget-container\">\n\t\t\t<h2 class=\"elementor-heading-title elementor-size-default\">Z \u017cycia firmy<\/h2>\t\t<\/div>\n\t\t\t\t<\/div>\n\t\t\t\t<div class=\"elementor-element elementor-element-6fc11a5 elementor-widget-divider--view-line elementor-widget elementor-widget-divider\" data-id=\"6fc11a5\" data-element_type=\"widget\" data-widget_type=\"divider.default\">\n\t\t\t\t<div class=\"elementor-widget-container\">\n\t\t\t\t\t<div class=\"elementor-divider\">\n\t\t\t<span class=\"elementor-divider-separator\">\n\t\t\t\t\t\t<\/span>\n\t\t<\/div>\n\t\t\t\t<\/div>\n\t\t\t\t<\/div>\n\t\t\t\t\t\t<\/div>\n\t\t\t\t\t<\/div>\n\t\t<\/div>\n\t\t\t\t\t\t\t\t<\/div>\n\t\t\t\t\t<\/div>\n\t\t<\/section>\n\t\t\t\t<section class=\"elementor-section elementor-top-section elementor-element elementor-element-3afbea4 elementor-section-boxed elementor-section-height-default elementor-section-height-default\" data-id=\"3afbea4\" data-element_type=\"section\" data-settings=\"{&quot;ekit_has_onepagescroll_dot&quot;:&quot;yes&quot;}\">\n\t\t\t\t\t\t<div class=\"elementor-container elementor-column-gap-default\">\n\t\t\t\t\t\t\t<div class=\"elementor-row\">\n\t\t\t\t\t<div class=\"elementor-column elementor-col-100 elementor-top-column elementor-element elementor-element-7e892d4\" data-id=\"7e892d4\" data-element_type=\"column\">\n\t\t\t<div class=\"elementor-column-wrap elementor-element-populated\">\n\t\t\t\t\t\t\t<div class=\"elementor-widget-wrap\">\n\t\t\t\t\t\t<div class=\"elementor-element elementor-element-4260a60 elementor-widget elementor-widget-image\" data-id=\"4260a60\" data-element_type=\"widget\" data-widget_type=\"image.default\">\n\t\t\t\t<div class=\"elementor-widget-container\">\n\t\t\t\t\t<div class=\"elementor-image\">\n\t\t\t\t\t\t\t\t\t\t<img width=\"300\" height=\"300\" src=\"https:\/\/www.axes.com.pl\/wp-content\/uploads\/2020\/08\/Certyfikat_zloty-300x300.png\" class=\"attachment-medium size-medium\" alt=\"\" loading=\"lazy\" srcset=\"https:\/\/www.axes.com.pl\/wp-content\/uploads\/2020\/08\/Certyfikat_zloty-300x300.png 300w, https:\/\/www.axes.com.pl\/wp-content\/uploads\/2020\/08\/Certyfikat_zloty-150x150.png 150w, https:\/\/www.axes.com.pl\/wp-content\/uploads\/2020\/08\/Certyfikat_zloty.png 514w\" sizes=\"(max-width: 300px) 100vw, 300px\" \/>\t\t\t\t\t\t\t\t\t\t\t<\/div>\n\t\t\t\t<\/div>\n\t\t\t\t<\/div>\n\t\t\t\t<div class=\"elementor-element elementor-element-f13ffa9 elementor-widget elementor-widget-text-editor\" data-id=\"f13ffa9\" data-element_type=\"widget\" data-widget_type=\"text-editor.default\">\n\t\t\t\t<div class=\"elementor-widget-container\">\n\t\t\t\t\t<div class=\"elementor-text-editor elementor-clearfix\"><p><\/p><center>W 2019 roku, jako pierwsi w Polsce, otrzymali\u015bmy z\u0142oty poziom certyfikatu <br>Pracodawcy Przyjaznego Rowerzystom.<br>W 2021 obronili\u015bmy tytu\u0142 na kolejne lata. <br><\/center><p><\/p><\/div>\n\t\t\t\t<\/div>\n\t\t\t\t<\/div>\n\t\t\t\t<div class=\"elementor-element elementor-element-32baf25 elementor-widget elementor-widget-text-editor\" data-id=\"32baf25\" data-element_type=\"widget\" data-widget_type=\"text-editor.default\">\n\t\t\t\t<div class=\"elementor-widget-container\">\n\t\t\t\t\t<div class=\"elementor-text-editor elementor-clearfix\"><p>Wolny czas lubimy sp\u0119dza\u0107 aktywnie. Je\u017adzimy na&nbsp;rowerach, hulajnogach, ko\u0142ach elektrycznych czy rolkach, bierzemy udzia\u0142 w sztafetach czy w&nbsp;biegach przeszkodowych i&nbsp;dobrze si\u0119 przy tym bawimy!<\/p><\/div>\n\t\t\t\t<\/div>\n\t\t\t\t<\/div>\n\t\t\t\t<div class=\"elementor-element elementor-element-800844b elementor-widget elementor-widget-premium-img-gallery\" data-id=\"800844b\" data-element_type=\"widget\" data-widget_type=\"premium-img-gallery.default\">\n\t\t\t\t<div class=\"elementor-widget-container\">\n\t\t\t\n    <div id=\"premium-img-gallery-800844b\" class=\"premium-img-gallery premium-img-gallery-masonry zoomin\">\n                \n        <div class=\"premium-gallery-container\" data-settings='{\"img_size\":\"masonry\",\"filter\":\"\",\"theme\":\"pp_default\",\"active_cat\":\"*\",\"ltr_mode\":true,\"shuffle\":false,\"sort_by\":\"original-order\",\"skin\":\"style1\",\"light_box\":\"yes\",\"lightbox_type\":\"default\",\"overlay\":false}'>\n            \n                        <div class=\"premium-gallery-item elementor-repeater-item-3d78911 \">\n                <div class=\"pa-gallery-img style1\" onclick=\"\">\n                    <div class=\"pa-gallery-img-container\">\n                                        \n        <img class=\"pa-gallery-image\" src=\"https:\/\/www.axes.com.pl\/wp-content\/uploads\/2020\/08\/70094481_2418761531564432_4936348824034607104_o-1.jpg\" alt=\"70094481_2418761531564432_4936348824034607104_o\">    \n                            <\/div>\n                                                <div class=\"pa-gallery-icons-wrapper\">\n                                <div class=\"pa-gallery-icons-inner-container\">\n                                                                    <\/div>\n                            <\/div>\n                        \n                                <a class=\"pa-gallery-whole-link\" href=\"https:\/\/www.axes.com.pl\/wp-content\/uploads\/2020\/08\/70094481_2418761531564432_4936348824034607104_o-1.jpg\" data-rel=\"prettyPhoto[premium-grid-800844b]\"><\/a>\n\n                                                <\/div>\n            <\/div>\n                        <div class=\"premium-gallery-item elementor-repeater-item-c47f7f1 \">\n                <div class=\"pa-gallery-img style1\" onclick=\"\">\n                    <div class=\"pa-gallery-img-container\">\n                                        \n        <img class=\"pa-gallery-image\" src=\"https:\/\/www.axes.com.pl\/wp-content\/uploads\/2020\/08\/IMG_20190914_090130.jpg\" alt=\"IMG_20190914_090130\">    \n                            <\/div>\n                                                <div class=\"pa-gallery-icons-wrapper\">\n                                <div class=\"pa-gallery-icons-inner-container\">\n                                                                    <\/div>\n                            <\/div>\n                        \n                                <a class=\"pa-gallery-whole-link\" href=\"https:\/\/www.axes.com.pl\/wp-content\/uploads\/2020\/08\/IMG_20190914_090130.jpg\" data-rel=\"prettyPhoto[premium-grid-800844b]\"><\/a>\n\n                                                <\/div>\n            <\/div>\n                        <div class=\"premium-gallery-item elementor-repeater-item-c043c4b category-2\">\n                <div class=\"pa-gallery-img style1\" onclick=\"\">\n                    <div class=\"pa-gallery-img-container\">\n                                        \n        <img class=\"pa-gallery-image\" src=\"https:\/\/www.axes.com.pl\/wp-content\/uploads\/2020\/08\/DSC00428.jpg\" alt=\"DSC00428\">    \n                            <\/div>\n                                                <div class=\"pa-gallery-icons-wrapper\">\n                                <div class=\"pa-gallery-icons-inner-container\">\n                                                                    <\/div>\n                            <\/div>\n                        \n                                <a class=\"pa-gallery-whole-link\" href=\"https:\/\/www.axes.com.pl\/wp-content\/uploads\/2020\/08\/DSC00428.jpg\" data-rel=\"prettyPhoto[premium-grid-800844b]\"><\/a>\n\n                                                <\/div>\n            <\/div>\n                        <div class=\"premium-gallery-item elementor-repeater-item-d1a3752 \">\n                <div class=\"pa-gallery-img style1\" onclick=\"\">\n                    <div class=\"pa-gallery-img-container\">\n                                        \n        <img class=\"pa-gallery-image\" src=\"https:\/\/www.axes.com.pl\/wp-content\/uploads\/2020\/08\/IMG_20200704_133255.jpg\" alt=\"IMG_20200704_133255\">    \n                            <\/div>\n                                                <div class=\"pa-gallery-icons-wrapper\">\n                                <div class=\"pa-gallery-icons-inner-container\">\n                                                                    <\/div>\n                            <\/div>\n                        \n                                <a class=\"pa-gallery-whole-link\" href=\"https:\/\/www.axes.com.pl\/wp-content\/uploads\/2020\/08\/IMG_20200704_133255.jpg\" data-rel=\"prettyPhoto[premium-grid-800844b]\"><\/a>\n\n                                                <\/div>\n            <\/div>\n                        <div class=\"premium-gallery-item elementor-repeater-item-0d30001 \">\n                <div class=\"pa-gallery-img style1\" onclick=\"\">\n                    <div class=\"pa-gallery-img-container\">\n                                        \n        <img class=\"pa-gallery-image\" src=\"https:\/\/www.axes.com.pl\/wp-content\/uploads\/2020\/08\/IMG_20190821_191837.jpg\" alt=\"IMG_20190821_191837\">    \n                            <\/div>\n                                                <div class=\"pa-gallery-icons-wrapper\">\n                                <div class=\"pa-gallery-icons-inner-container\">\n                                                                    <\/div>\n                            <\/div>\n                        \n                                <a class=\"pa-gallery-whole-link\" href=\"https:\/\/www.axes.com.pl\/wp-content\/uploads\/2020\/08\/IMG_20190821_191837.jpg\" data-rel=\"prettyPhoto[premium-grid-800844b]\"><\/a>\n\n                                                <\/div>\n            <\/div>\n                        <div class=\"premium-gallery-item elementor-repeater-item-185e00c \">\n                <div class=\"pa-gallery-img style1\" onclick=\"\">\n                    <div class=\"pa-gallery-img-container\">\n                                        \n        <img class=\"pa-gallery-image\" src=\"https:\/\/www.axes.com.pl\/wp-content\/uploads\/2020\/08\/IMG_20190821_193043.jpg\" alt=\"IMG_20190821_193043\">    \n                            <\/div>\n                                                <div class=\"pa-gallery-icons-wrapper\">\n                                <div class=\"pa-gallery-icons-inner-container\">\n                                                                    <\/div>\n                            <\/div>\n                        \n                                <a class=\"pa-gallery-whole-link\" href=\"https:\/\/www.axes.com.pl\/wp-content\/uploads\/2020\/08\/IMG_20190821_193043.jpg\" data-rel=\"prettyPhoto[premium-grid-800844b]\"><\/a>\n\n                                                <\/div>\n            <\/div>\n                        <div class=\"premium-gallery-item elementor-repeater-item-68120d7 \">\n                <div class=\"pa-gallery-img style1\" onclick=\"\">\n                    <div class=\"pa-gallery-img-container\">\n                                        \n        <img class=\"pa-gallery-image\" src=\"https:\/\/www.axes.com.pl\/wp-content\/uploads\/2020\/08\/IMG-20200704-WA0023.jpg\" alt=\"IMG-20200704-WA0023\">    \n                            <\/div>\n                                                <div class=\"pa-gallery-icons-wrapper\">\n                                <div class=\"pa-gallery-icons-inner-container\">\n                                                                    <\/div>\n                            <\/div>\n                        \n                                <a class=\"pa-gallery-whole-link\" href=\"https:\/\/www.axes.com.pl\/wp-content\/uploads\/2020\/08\/IMG-20200704-WA0023.jpg\" data-rel=\"prettyPhoto[premium-grid-800844b]\"><\/a>\n\n                                                <\/div>\n            <\/div>\n                        <div class=\"premium-gallery-item elementor-repeater-item-145fd59 \">\n                <div class=\"pa-gallery-img style1\" onclick=\"\">\n                    <div class=\"pa-gallery-img-container\">\n                                        \n        <img class=\"pa-gallery-image\" src=\"https:\/\/www.axes.com.pl\/wp-content\/uploads\/2020\/08\/IMG_20191002_193140.jpg\" alt=\"IMG_20191002_193140\">    \n                            <\/div>\n                                                <div class=\"pa-gallery-icons-wrapper\">\n                                <div class=\"pa-gallery-icons-inner-container\">\n                                                                    <\/div>\n                            <\/div>\n                        \n                                <a class=\"pa-gallery-whole-link\" href=\"https:\/\/www.axes.com.pl\/wp-content\/uploads\/2020\/08\/IMG_20191002_193140.jpg\" data-rel=\"prettyPhoto[premium-grid-800844b]\"><\/a>\n\n                                                <\/div>\n            <\/div>\n                        <div class=\"premium-gallery-item elementor-repeater-item-90ebca6 \">\n                <div class=\"pa-gallery-img style1\" onclick=\"\">\n                    <div class=\"pa-gallery-img-container\">\n                                        \n        <img class=\"pa-gallery-image\" src=\"https:\/\/www.axes.com.pl\/wp-content\/uploads\/2020\/08\/IMG_20200704_104315-1.jpg\" alt=\"IMG_20200704_104315\">    \n                            <\/div>\n                                                <div class=\"pa-gallery-icons-wrapper\">\n                                <div class=\"pa-gallery-icons-inner-container\">\n                                                                    <\/div>\n                            <\/div>\n                        \n                                <a class=\"pa-gallery-whole-link\" href=\"https:\/\/www.axes.com.pl\/wp-content\/uploads\/2020\/08\/IMG_20200704_104315-1.jpg\" data-rel=\"prettyPhoto[premium-grid-800844b]\"><\/a>\n\n                                                <\/div>\n            <\/div>\n                        <div class=\"premium-gallery-item elementor-repeater-item-3991ab3 \">\n                <div class=\"pa-gallery-img style1\" onclick=\"\">\n                    <div class=\"pa-gallery-img-container\">\n                                        \n        <img class=\"pa-gallery-image\" src=\"https:\/\/www.axes.com.pl\/wp-content\/uploads\/2020\/08\/61105169_1242781699221771_8644657212699967488_n.jpg\" alt=\"61105169_1242781699221771_8644657212699967488_n\">    \n                            <\/div>\n                                                <div class=\"pa-gallery-icons-wrapper\">\n                                <div class=\"pa-gallery-icons-inner-container\">\n                                                                    <\/div>\n                            <\/div>\n                        \n                                <a class=\"pa-gallery-whole-link\" href=\"https:\/\/www.axes.com.pl\/wp-content\/uploads\/2020\/08\/61105169_1242781699221771_8644657212699967488_n.jpg\" data-rel=\"prettyPhoto[premium-grid-800844b]\"><\/a>\n\n                                                <\/div>\n            <\/div>\n                    <\/div>\n        \n                \n    <\/div>\n    \n    \n            \n    \t\t<\/div>\n\t\t\t\t<\/div>\n\t\t\t\t\t\t<\/div>\n\t\t\t\t\t<\/div>\n\t\t<\/div>\n\t\t\t\t\t\t\t\t<\/div>\n\t\t\t\t\t<\/div>\n\t\t<\/section>\n\t\t\t\t\t\t<\/div>\n\t\t\t\t\t\t<\/div>\n\t\t\t\t\t<\/div>\n\t\t","protected":false},"excerpt":{"rendered":"<p>Z \u017cycia firmy Z \u017cycia firmy W 2019 roku, jako pierwsi w Polsce, otrzymali\u015bmy z\u0142oty poziom certyfikatu Pracodawcy Przyjaznego Rowerzystom.W 2021 obronili\u015bmy tytu\u0142 na kolejne lata. Wolny czas lubimy sp\u0119dza\u0107 aktywnie. Je\u017adzimy na&nbsp;rowerach, hulajnogach, ko\u0142ach elektrycznych czy rolkach, bierzemy udzia\u0142 w sztafetach czy w&nbsp;biegach przeszkodowych i&nbsp;dobrze si\u0119 przy tym bawimy!<\/p>\n","protected":false},"author":39,"featured_media":0,"parent":0,"menu_order":0,"comment_status":"closed","ping_status":"closed","template":"elementor_header_footer","meta":[],"_links":{"self":[{"href":"https:\/\/www.axes.com.pl\/index.php?rest_route=\/wp\/v2\/pages\/895"}],"collection":[{"href":"https:\/\/www.axes.com.pl\/index.php?rest_route=\/wp\/v2\/pages"}],"about":[{"href":"https:\/\/www.axes.com.pl\/index.php?rest_route=\/wp\/v2\/types\/page"}],"author":[{"embeddable":true,"href":"https:\/\/www.axes.com.pl\/index.php?rest_route=\/wp\/v2\/users\/39"}],"replies":[{"embeddable":true,"href":"https:\/\/www.axes.com.pl\/index.php?rest_route=%2Fwp%2Fv2%2Fcomments&post=895"}],"version-history":[{"count":63,"href":"https:\/\/www.axes.com.pl\/index.php?rest_route=\/wp\/v2\/pages\/895\/revisions"}],"predecessor-version":[{"id":4319,"href":"https:\/\/www.axes.com.pl\/index.php?rest_route=\/wp\/v2\/pages\/895\/revisions\/4319"}],"wp:attachment":[{"href":"https:\/\/www.axes.com.pl\/index.php?rest_route=%2Fwp%2Fv2%2Fmedia&parent=895"}],"curies":[{"name":"wp","href":"https:\/\/api.w.org\/{rel}","templated":true}]}}