{"id":4345,"date":"2024-03-15T09:03:19","date_gmt":"2024-03-15T08:03:19","guid":{"rendered":"https:\/\/www.axes.com.pl\/?page_id=4345"},"modified":"2024-03-15T09:03:29","modified_gmt":"2024-03-15T08:03:29","slug":"serwis-w-1-dzien","status":"publish","type":"page","link":"https:\/\/www.axes.com.pl\/?page_id=4345","title":{"rendered":"Serwis w 1 dzie\u0144"},"content":{"rendered":"\t\t<div data-elementor-type=\"wp-page\" data-elementor-id=\"4345\" class=\"elementor elementor-4345\" data-elementor-settings=\"[]\">\n\t\t\t\t\t\t<div class=\"elementor-inner\">\n\t\t\t\t\t\t\t<div class=\"elementor-section-wrap\">\n\t\t\t\t\t\t\t<section class=\"elementor-section elementor-top-section elementor-element elementor-element-3267660 elementor-section-stretched elementor-section-full_width elementor-section-height-default elementor-section-height-default\" data-id=\"3267660\" data-element_type=\"section\" data-settings=\"{&quot;stretch_section&quot;:&quot;section-stretched&quot;,&quot;ekit_has_onepagescroll_dot&quot;:&quot;yes&quot;}\">\n\t\t\t\t\t\t<div class=\"elementor-container elementor-column-gap-default\">\n\t\t\t\t\t\t\t<div class=\"elementor-row\">\n\t\t\t\t\t<div class=\"elementor-column elementor-col-100 elementor-top-column elementor-element elementor-element-eda9a8c\" data-id=\"eda9a8c\" data-element_type=\"column\">\n\t\t\t<div class=\"elementor-column-wrap\">\n\t\t\t\t\t\t\t<div class=\"elementor-widget-wrap\">\n\t\t\t\t\t\t\t\t<\/div>\n\t\t\t\t\t<\/div>\n\t\t<\/div>\n\t\t\t\t\t\t\t\t<\/div>\n\t\t\t\t\t<\/div>\n\t\t<\/section>\n\t\t\t\t<section class=\"elementor-section elementor-top-section elementor-element elementor-element-dc3d7a2 elementor-section-boxed elementor-section-height-default elementor-section-height-default\" data-id=\"dc3d7a2\" data-element_type=\"section\" data-settings=\"{&quot;ekit_has_onepagescroll_dot&quot;:&quot;yes&quot;}\">\n\t\t\t\t\t\t<div class=\"elementor-container elementor-column-gap-default\">\n\t\t\t\t\t\t\t<div class=\"elementor-row\">\n\t\t\t\t\t<div class=\"elementor-column elementor-col-100 elementor-top-column elementor-element elementor-element-f5d5f1f\" data-id=\"f5d5f1f\" data-element_type=\"column\">\n\t\t\t<div class=\"elementor-column-wrap elementor-element-populated\">\n\t\t\t\t\t\t\t<div class=\"elementor-widget-wrap\">\n\t\t\t\t\t\t<div class=\"elementor-element elementor-element-063b6b9 elementor-widget elementor-widget-heading\" data-id=\"063b6b9\" data-element_type=\"widget\" data-widget_type=\"heading.default\">\n\t\t\t\t<div class=\"elementor-widget-container\">\n\t\t\t<h2 class=\"elementor-heading-title elementor-size-default\">Serwis w 1 dzie\u0144 w ramach Gwarancji<\/h2>\t\t<\/div>\n\t\t\t\t<\/div>\n\t\t\t\t<div class=\"elementor-element elementor-element-bb311aa elementor-widget-divider--view-line elementor-widget elementor-widget-divider\" data-id=\"bb311aa\" data-element_type=\"widget\" data-widget_type=\"divider.default\">\n\t\t\t\t<div class=\"elementor-widget-container\">\n\t\t\t\t\t<div class=\"elementor-divider\">\n\t\t\t<span class=\"elementor-divider-separator\">\n\t\t\t\t\t\t<\/span>\n\t\t<\/div>\n\t\t\t\t<\/div>\n\t\t\t\t<\/div>\n\t\t\t\t<div class=\"elementor-element elementor-element-2146d9b elementor-widget elementor-widget-text-editor\" data-id=\"2146d9b\" data-element_type=\"widget\" data-widget_type=\"text-editor.default\">\n\t\t\t\t<div class=\"elementor-widget-container\">\n\t\t\t\t\t<div class=\"elementor-text-editor elementor-clearfix\"><p>Tw\u00f3j tester wymaga serwisu? Ma usterk\u0119 uniemo\u017cliwiaj\u0105c\u0105 prac\u0119? Skontaktuj si\u0119 z nami i zg\u0142o\u015b ch\u0119\u0107 wysy\u0142ki swojego urz\u0105dzenia do naszego serwisu.<\/p><p>Masz Gwarancj\u0119 Do\u017cywotni\u0105 lub Podstawow\u0105? \u015awietnie! Twoje urz\u0105dzenie zostanie niezw\u0142ocznie wymienione!<\/p><p>Ju\u017c nie musisz czeka\u0107 do 14 dni na serwis urz\u0105dzenia! Nie musisz wstrzymywa\u0107 pracy warsztatu! Wymian\u0119 urz\u0105dze\u0144 z Gwarancj\u0105 robimy \u2018od r\u0119ki\u2019.<\/p><\/div>\n\t\t\t\t<\/div>\n\t\t\t\t<\/div>\n\t\t\t\t\t\t<\/div>\n\t\t\t\t\t<\/div>\n\t\t<\/div>\n\t\t\t\t\t\t\t\t<\/div>\n\t\t\t\t\t<\/div>\n\t\t<\/section>\n\t\t\t\t<section class=\"elementor-section elementor-top-section elementor-element elementor-element-a114989 elementor-section-boxed elementor-section-height-default elementor-section-height-default\" data-id=\"a114989\" data-element_type=\"section\" data-settings=\"{&quot;ekit_has_onepagescroll_dot&quot;:&quot;yes&quot;}\">\n\t\t\t\t\t\t<div class=\"elementor-container elementor-column-gap-default\">\n\t\t\t\t\t\t\t<div class=\"elementor-row\">\n\t\t\t\t\t<div class=\"elementor-column elementor-col-100 elementor-top-column elementor-element elementor-element-3926333\" data-id=\"3926333\" data-element_type=\"column\">\n\t\t\t<div class=\"elementor-column-wrap elementor-element-populated\">\n\t\t\t\t\t\t\t<div class=\"elementor-widget-wrap\">\n\t\t\t\t\t\t<div class=\"elementor-element elementor-element-4754240 elementor-widget elementor-widget-heading\" data-id=\"4754240\" data-element_type=\"widget\" data-widget_type=\"heading.default\">\n\t\t\t\t<div class=\"elementor-widget-container\">\n\t\t\t<h2 class=\"elementor-heading-title elementor-size-default\">Jak dzia\u0142a oferta wymiany urz\u0105dzenia?<\/h2>\t\t<\/div>\n\t\t\t\t<\/div>\n\t\t\t\t<div class=\"elementor-element elementor-element-eeac15a elementor-widget-divider--view-line elementor-widget elementor-widget-divider\" data-id=\"eeac15a\" data-element_type=\"widget\" data-widget_type=\"divider.default\">\n\t\t\t\t<div class=\"elementor-widget-container\">\n\t\t\t\t\t<div class=\"elementor-divider\">\n\t\t\t<span class=\"elementor-divider-separator\">\n\t\t\t\t\t\t<\/span>\n\t\t<\/div>\n\t\t\t\t<\/div>\n\t\t\t\t<\/div>\n\t\t\t\t<section class=\"elementor-section elementor-inner-section elementor-element elementor-element-18a3fc9 elementor-section-boxed elementor-section-height-default elementor-section-height-default\" data-id=\"18a3fc9\" data-element_type=\"section\" data-settings=\"{&quot;ekit_has_onepagescroll_dot&quot;:&quot;yes&quot;}\">\n\t\t\t\t\t\t<div class=\"elementor-container elementor-column-gap-default\">\n\t\t\t\t\t\t\t<div class=\"elementor-row\">\n\t\t\t\t\t<div class=\"elementor-column elementor-col-50 elementor-inner-column elementor-element elementor-element-6c27fa6\" data-id=\"6c27fa6\" data-element_type=\"column\">\n\t\t\t<div class=\"elementor-column-wrap elementor-element-populated\">\n\t\t\t\t\t\t\t<div class=\"elementor-widget-wrap\">\n\t\t\t\t\t\t<div class=\"elementor-element elementor-element-ce658a4 elementor-widget elementor-widget-image\" data-id=\"ce658a4\" data-element_type=\"widget\" data-widget_type=\"image.default\">\n\t\t\t\t<div class=\"elementor-widget-container\">\n\t\t\t\t\t<div class=\"elementor-image\">\n\t\t\t\t\t\t\t\t\t\t<img width=\"580\" height=\"435\" src=\"https:\/\/www.axes.com.pl\/wp-content\/uploads\/2024\/03\/wymiana_urzadzenia_4_kroki.png\" class=\"elementor-animation-grow attachment-large size-large\" alt=\"\" loading=\"lazy\" srcset=\"https:\/\/www.axes.com.pl\/wp-content\/uploads\/2024\/03\/wymiana_urzadzenia_4_kroki.png 1024w, https:\/\/www.axes.com.pl\/wp-content\/uploads\/2024\/03\/wymiana_urzadzenia_4_kroki-300x225.png 300w, https:\/\/www.axes.com.pl\/wp-content\/uploads\/2024\/03\/wymiana_urzadzenia_4_kroki-768x576.png 768w\" sizes=\"(max-width: 580px) 100vw, 580px\" \/>\t\t\t\t\t\t\t\t\t\t\t<\/div>\n\t\t\t\t<\/div>\n\t\t\t\t<\/div>\n\t\t\t\t\t\t<\/div>\n\t\t\t\t\t<\/div>\n\t\t<\/div>\n\t\t\t\t<div class=\"elementor-column elementor-col-50 elementor-inner-column elementor-element elementor-element-0ffb1bc\" data-id=\"0ffb1bc\" data-element_type=\"column\">\n\t\t\t<div class=\"elementor-column-wrap elementor-element-populated\">\n\t\t\t\t\t\t\t<div class=\"elementor-widget-wrap\">\n\t\t\t\t\t\t<div class=\"elementor-element elementor-element-67ff697 elementor-widget elementor-widget-text-editor\" data-id=\"67ff697\" data-element_type=\"widget\" data-widget_type=\"text-editor.default\">\n\t\t\t\t<div class=\"elementor-widget-container\">\n\t\t\t\t\t<div class=\"elementor-text-editor elementor-clearfix\"><div class=\"col-md-6 text-justify\"><ul><li><b>Zg\u0142oszenie usterki<\/b><br \/>Skontaktuj si\u0119 z nami telefonicznie i opisz zaistnia\u0142\u0105 usterk\u0119 urz\u0105dzenia. Nasi konsultanci przyjm\u0105 zg\u0142oszenie, kt\u00f3rego potwierdzenie otrzymasz na adres e-mail podany przez Ciebie w Strefie U\u017cytkownika.<\/li><li><b>Wysy\u0142ka urz\u0105dzenia<\/b><br \/>Odpowiednio spakuj i wy\u015blij urz\u0105dzenie (samo lub z akcesoriami) na adres: Axes System, ul. Raciborskiego 35, 80-215 Gda\u0144sk.<\/li><li><b>Serwis<\/b><br \/>Kiedy otrzymamy Twoje urz\u0105dzenie, zostaniesz poinformowany o tym wiadomo\u015bci\u0105 e-mail. Je\u017celi posiadasz Gwarancj\u0119 Do\u017cywotni\u0105 lub Podstawow\u0105, a usterka Twojego urz\u0105dzenia mie\u015bci si\u0119 w ramach \u015bwiadczenia napraw serwisowych, Twoje urz\u0105dzenie zostanie od razu wymienione na inne: sprawdzone i przetestowane, o nie gorszym wygl\u0105dzie zewn\u0119trznym ni\u017c to otrzymane od Ciebie.<br \/>Przesy\u0142ka zwrotna zostanie nadana do Ciebie kurierem, nie p\u00f3\u017aniej ni\u017c kolejnego dnia roboczego.<\/li><li><b>Urz\u0105dzenie<\/b><br \/>Otrzymane przez Ciebie urz\u0105dzenie wymaga zainstalowania nowego klucza, kt\u00f3ry otrzymasz drog\u0105 elektroniczn\u0105 oraz b\u0119dzie on dost\u0119pny do pobrania na Twoim koncie w Strefie U\u017cytkownika. Zaktualizuj program o nowy klucz na wszystkich urz\u0105dzeniach, na kt\u00f3rych posiadasz program CDIF.<\/li><\/ul><\/div><\/div>\n\t\t\t\t<\/div>\n\t\t\t\t<\/div>\n\t\t\t\t\t\t<\/div>\n\t\t\t\t\t<\/div>\n\t\t<\/div>\n\t\t\t\t\t\t\t\t<\/div>\n\t\t\t\t\t<\/div>\n\t\t<\/section>\n\t\t\t\t\t\t<\/div>\n\t\t\t\t\t<\/div>\n\t\t<\/div>\n\t\t\t\t\t\t\t\t<\/div>\n\t\t\t\t\t<\/div>\n\t\t<\/section>\n\t\t\t\t<section class=\"elementor-section elementor-top-section elementor-element elementor-element-1e955ee elementor-section-boxed elementor-section-height-default elementor-section-height-default\" data-id=\"1e955ee\" data-element_type=\"section\" data-settings=\"{&quot;ekit_has_onepagescroll_dot&quot;:&quot;yes&quot;}\">\n\t\t\t\t\t\t<div class=\"elementor-container elementor-column-gap-default\">\n\t\t\t\t\t\t\t<div class=\"elementor-row\">\n\t\t\t\t\t<div class=\"elementor-column elementor-col-100 elementor-top-column elementor-element elementor-element-ca4d228\" data-id=\"ca4d228\" data-element_type=\"column\">\n\t\t\t<div class=\"elementor-column-wrap elementor-element-populated\">\n\t\t\t\t\t\t\t<div class=\"elementor-widget-wrap\">\n\t\t\t\t\t\t<div class=\"elementor-element elementor-element-1d6740f elementor-widget elementor-widget-heading\" data-id=\"1d6740f\" data-element_type=\"widget\" data-widget_type=\"heading.default\">\n\t\t\t\t<div class=\"elementor-widget-container\">\n\t\t\t<h2 class=\"elementor-heading-title elementor-size-default\">Co musisz wiedzie\u0107 o tej ofercie?<\/h2>\t\t<\/div>\n\t\t\t\t<\/div>\n\t\t\t\t<div class=\"elementor-element elementor-element-0f2ec91 elementor-widget-divider--view-line elementor-widget elementor-widget-divider\" data-id=\"0f2ec91\" data-element_type=\"widget\" data-widget_type=\"divider.default\">\n\t\t\t\t<div class=\"elementor-widget-container\">\n\t\t\t\t\t<div class=\"elementor-divider\">\n\t\t\t<span class=\"elementor-divider-separator\">\n\t\t\t\t\t\t<\/span>\n\t\t<\/div>\n\t\t\t\t<\/div>\n\t\t\t\t<\/div>\n\t\t\t\t<div class=\"elementor-element elementor-element-6365637 elementor-widget elementor-widget-accordion\" data-id=\"6365637\" data-element_type=\"widget\" data-widget_type=\"accordion.default\">\n\t\t\t\t<div class=\"elementor-widget-container\">\n\t\t\t\t\t<div class=\"elementor-accordion\" role=\"tablist\">\n\t\t\t\t\t\t\t<div class=\"elementor-accordion-item\">\n\t\t\t\t\t<div id=\"elementor-tab-title-1041\" class=\"elementor-tab-title\" data-tab=\"1\" role=\"tab\" aria-controls=\"elementor-tab-content-1041\">\n\t\t\t\t\t\t\t\t\t\t\t\t\t<span class=\"elementor-accordion-icon elementor-accordion-icon-left\" aria-hidden=\"true\">\n\t\t\t\t\t\t\t\t\t\t\t\t\t\t\t<span class=\"elementor-accordion-icon-closed\"><i class=\"fas fa-caret-down\"><\/i><\/span>\n\t\t\t\t\t\t\t\t<span class=\"elementor-accordion-icon-opened\"><i class=\"fas fa-minus\"><\/i><\/span>\n\t\t\t\t\t\t\t\t\t\t\t\t\t\t<\/span>\n\t\t\t\t\t\t\t\t\t\t\t\t<a class=\"elementor-accordion-title\" href=\"\">Gwarancja<\/a>\n\t\t\t\t\t<\/div>\n\t\t\t\t\t<div id=\"elementor-tab-content-1041\" class=\"elementor-tab-content elementor-clearfix\" data-tab=\"1\" role=\"tabpanel\" aria-labelledby=\"elementor-tab-title-1041\"><p>Oferta wymiany urz\u0105dzenia dost\u0119pna jest tylko dla U\u017cytkownik\u00f3w posiadaj\u0105cych Gwarancj\u0119 Do\u017cywotni\u0105 lub Gwarancj\u0119 Podstawow\u0105.<\/p><\/div>\n\t\t\t\t<\/div>\n\t\t\t\t\t\t\t<div class=\"elementor-accordion-item\">\n\t\t\t\t\t<div id=\"elementor-tab-title-1042\" class=\"elementor-tab-title\" data-tab=\"2\" role=\"tab\" aria-controls=\"elementor-tab-content-1042\">\n\t\t\t\t\t\t\t\t\t\t\t\t\t<span class=\"elementor-accordion-icon elementor-accordion-icon-left\" aria-hidden=\"true\">\n\t\t\t\t\t\t\t\t\t\t\t\t\t\t\t<span class=\"elementor-accordion-icon-closed\"><i class=\"fas fa-caret-down\"><\/i><\/span>\n\t\t\t\t\t\t\t\t<span class=\"elementor-accordion-icon-opened\"><i class=\"fas fa-minus\"><\/i><\/span>\n\t\t\t\t\t\t\t\t\t\t\t\t\t\t<\/span>\n\t\t\t\t\t\t\t\t\t\t\t\t<a class=\"elementor-accordion-title\" href=\"\">Warunki gwarancji i \u015bwiadczenia napraw serwisowych<\/a>\n\t\t\t\t\t<\/div>\n\t\t\t\t\t<div id=\"elementor-tab-content-1042\" class=\"elementor-tab-content elementor-clearfix\" data-tab=\"2\" role=\"tabpanel\" aria-labelledby=\"elementor-tab-title-1042\"><p>Upewnij si\u0119, \u017ce usterka, kt\u00f3r\u0105 zg\u0142aszasz zawiera si\u0119 w ramach Gwarancji oraz \u015bwiadczenia napraw serwisowych \u2013 ca\u0142y Regulamin znajdziesz <a href=\"https:\/\/www.cdif3.com\/docs\/pl\/cdif3_warunki_gwarancji_032024.pdf\" target=\"_blank\" rel=\"noopener\">tutaj.<\/a><\/p><\/div>\n\t\t\t\t<\/div>\n\t\t\t\t\t\t\t<div class=\"elementor-accordion-item\">\n\t\t\t\t\t<div id=\"elementor-tab-title-1043\" class=\"elementor-tab-title\" data-tab=\"3\" role=\"tab\" aria-controls=\"elementor-tab-content-1043\">\n\t\t\t\t\t\t\t\t\t\t\t\t\t<span class=\"elementor-accordion-icon elementor-accordion-icon-left\" aria-hidden=\"true\">\n\t\t\t\t\t\t\t\t\t\t\t\t\t\t\t<span class=\"elementor-accordion-icon-closed\"><i class=\"fas fa-caret-down\"><\/i><\/span>\n\t\t\t\t\t\t\t\t<span class=\"elementor-accordion-icon-opened\"><i class=\"fas fa-minus\"><\/i><\/span>\n\t\t\t\t\t\t\t\t\t\t\t\t\t\t<\/span>\n\t\t\t\t\t\t\t\t\t\t\t\t<a class=\"elementor-accordion-title\" href=\"\">Urz\u0105dzenie<\/a>\n\t\t\t\t\t<\/div>\n\t\t\t\t\t<div id=\"elementor-tab-content-1043\" class=\"elementor-tab-content elementor-clearfix\" data-tab=\"3\" role=\"tabpanel\" aria-labelledby=\"elementor-tab-title-1043\"><p>Tester, kt\u00f3ry otrzymasz nie jest urz\u0105dzeniem zast\u0119pczym. To Twoje nowe urz\u0105dzenie, kt\u00f3re otrzyma\u0142e\u015b w zamianie za poprzednie \u2013 uszkodzone.<\/p><\/div>\n\t\t\t\t<\/div>\n\t\t\t\t\t<\/div>\n\t\t\t\t<\/div>\n\t\t\t\t<\/div>\n\t\t\t\t\t\t<\/div>\n\t\t\t\t\t<\/div>\n\t\t<\/div>\n\t\t\t\t\t\t\t\t<\/div>\n\t\t\t\t\t<\/div>\n\t\t<\/section>\n\t\t\t\t<section class=\"elementor-section elementor-top-section elementor-element elementor-element-379ce85c elementor-section-boxed elementor-section-height-default elementor-section-height-default\" data-id=\"379ce85c\" data-element_type=\"section\" data-settings=\"{&quot;ekit_has_onepagescroll_dot&quot;:&quot;yes&quot;}\">\n\t\t\t\t\t\t<div class=\"elementor-container elementor-column-gap-default\">\n\t\t\t\t\t\t\t<div class=\"elementor-row\">\n\t\t\t\t\t<div class=\"elementor-column elementor-col-100 elementor-top-column elementor-element elementor-element-7aa2c46f\" data-id=\"7aa2c46f\" data-element_type=\"column\">\n\t\t\t<div class=\"elementor-column-wrap elementor-element-populated\">\n\t\t\t\t\t\t\t<div class=\"elementor-widget-wrap\">\n\t\t\t\t\t\t<div class=\"elementor-element elementor-element-5849b921 elementor-widget elementor-widget-heading\" data-id=\"5849b921\" data-element_type=\"widget\" data-widget_type=\"heading.default\">\n\t\t\t\t<div class=\"elementor-widget-container\">\n\t\t\t<h1 class=\"elementor-heading-title elementor-size-default\">\nNie chcesz wymienia\u0107 urz\u0105dzenia na inne? - \u017baden problem!<\/h1>\t\t<\/div>\n\t\t\t\t<\/div>\n\t\t\t\t<div class=\"elementor-element elementor-element-f78d5b3 elementor-widget-divider--view-line elementor-widget elementor-widget-divider\" data-id=\"f78d5b3\" data-element_type=\"widget\" data-widget_type=\"divider.default\">\n\t\t\t\t<div class=\"elementor-widget-container\">\n\t\t\t\t\t<div class=\"elementor-divider\">\n\t\t\t<span class=\"elementor-divider-separator\">\n\t\t\t\t\t\t<\/span>\n\t\t<\/div>\n\t\t\t\t<\/div>\n\t\t\t\t<\/div>\n\t\t\t\t<div class=\"elementor-element elementor-element-aed2e00 elementor-widget elementor-widget-text-editor\" data-id=\"aed2e00\" data-element_type=\"widget\" data-widget_type=\"text-editor.default\">\n\t\t\t\t<div class=\"elementor-widget-container\">\n\t\t\t\t\t<div class=\"elementor-text-editor elementor-clearfix\"><p>Poinformuj nas o tym podczas zg\u0142aszania usterki lub do czasu otrzymania przez nas Twojego testera na serwis, a Tw\u00f3j tester zostanie przyj\u0119ty na serwis wed\u0142ug standardowych zasad.<\/p><\/div>\n\t\t\t\t<\/div>\n\t\t\t\t<\/div>\n\t\t\t\t\t\t<\/div>\n\t\t\t\t\t<\/div>\n\t\t<\/div>\n\t\t\t\t\t\t\t\t<\/div>\n\t\t\t\t\t<\/div>\n\t\t<\/section>\n\t\t\t\t<section class=\"elementor-section elementor-top-section elementor-element elementor-element-75ea286f elementor-section-boxed elementor-section-height-default elementor-section-height-default\" data-id=\"75ea286f\" data-element_type=\"section\" data-settings=\"{&quot;ekit_has_onepagescroll_dot&quot;:&quot;yes&quot;}\">\n\t\t\t\t\t\t<div class=\"elementor-container elementor-column-gap-default\">\n\t\t\t\t\t\t\t<div class=\"elementor-row\">\n\t\t\t\t\t<div class=\"elementor-column elementor-col-100 elementor-top-column elementor-element elementor-element-124c0146\" data-id=\"124c0146\" data-element_type=\"column\">\n\t\t\t<div class=\"elementor-column-wrap elementor-element-populated\">\n\t\t\t\t\t\t\t<div class=\"elementor-widget-wrap\">\n\t\t\t\t\t\t<div class=\"elementor-element elementor-element-7c0345e0 elementor-widget elementor-widget-text-editor\" data-id=\"7c0345e0\" data-element_type=\"widget\" data-widget_type=\"text-editor.default\">\n\t\t\t\t<div class=\"elementor-widget-container\">\n\t\t\t\t\t<div class=\"elementor-text-editor elementor-clearfix\"><div class=\"row my-4\"><div class=\"col-md-12 text-center\"><p>Masz pytania? W\u0105tpliwo\u015bci? Zadzwo\u0144<b> (58) 732 19 49<\/b> lub napisz na <b><a href=\"mailto:info@cdif3.com\">info@cdif3.com<\/a><\/b>.<\/p><p>Ch\u0119tnie odpowiemy na wszelkie pytania i wyja\u015bnimy niejasno\u015bci.<\/p><p>Szczeg\u00f3\u0142owe warunki gwarancji i \u015bwiadczenia napraw serwisowych znajdziesz <a href=\"https:\/\/www.cdif3.com\/docs\/pl\/cdif3_warunki_gwarancji_032024.pdf\" target=\"_blank\" rel=\"noopener\">tutaj.<\/a><\/p><\/div><\/div><\/div>\n\t\t\t\t<\/div>\n\t\t\t\t<\/div>\n\t\t\t\t\t\t<\/div>\n\t\t\t\t\t<\/div>\n\t\t<\/div>\n\t\t\t\t\t\t\t\t<\/div>\n\t\t\t\t\t<\/div>\n\t\t<\/section>\n\t\t\t\t\t\t<\/div>\n\t\t\t\t\t\t<\/div>\n\t\t\t\t\t<\/div>\n\t\t","protected":false},"excerpt":{"rendered":"<p>Serwis w 1 dzie\u0144 w ramach Gwarancji Tw\u00f3j tester wymaga serwisu? Ma usterk\u0119 uniemo\u017cliwiaj\u0105c\u0105 prac\u0119? Skontaktuj si\u0119 z nami i zg\u0142o\u015b ch\u0119\u0107 wysy\u0142ki swojego urz\u0105dzenia do naszego serwisu. Masz Gwarancj\u0119 Do\u017cywotni\u0105 lub Podstawow\u0105? \u015awietnie! Twoje urz\u0105dzenie zostanie niezw\u0142ocznie wymienione! Ju\u017c nie musisz czeka\u0107 do 14 dni na serwis urz\u0105dzenia! Nie musisz wstrzymywa\u0107 pracy warsztatu! Wymian\u0119 [&hellip;]<\/p>\n","protected":false},"author":3,"featured_media":0,"parent":0,"menu_order":0,"comment_status":"closed","ping_status":"closed","template":"elementor_header_footer","meta":[],"_links":{"self":[{"href":"https:\/\/www.axes.com.pl\/index.php?rest_route=\/wp\/v2\/pages\/4345"}],"collection":[{"href":"https:\/\/www.axes.com.pl\/index.php?rest_route=\/wp\/v2\/pages"}],"about":[{"href":"https:\/\/www.axes.com.pl\/index.php?rest_route=\/wp\/v2\/types\/page"}],"author":[{"embeddable":true,"href":"https:\/\/www.axes.com.pl\/index.php?rest_route=\/wp\/v2\/users\/3"}],"replies":[{"embeddable":true,"href":"https:\/\/www.axes.com.pl\/index.php?rest_route=%2Fwp%2Fv2%2Fcomments&post=4345"}],"version-history":[{"count":7,"href":"https:\/\/www.axes.com.pl\/index.php?rest_route=\/wp\/v2\/pages\/4345\/revisions"}],"predecessor-version":[{"id":4357,"href":"https:\/\/www.axes.com.pl\/index.php?rest_route=\/wp\/v2\/pages\/4345\/revisions\/4357"}],"wp:attachment":[{"href":"https:\/\/www.axes.com.pl\/index.php?rest_route=%2Fwp%2Fv2%2Fmedia&parent=4345"}],"curies":[{"name":"wp","href":"https:\/\/api.w.org\/{rel}","templated":true}]}}