{"id":3412,"date":"2021-06-02T09:56:39","date_gmt":"2021-06-02T07:56:39","guid":{"rendered":"http:\/\/www.axes.com.pl\/?page_id=3412"},"modified":"2023-07-10T14:32:11","modified_gmt":"2023-07-10T12:32:11","slug":"infolinia-nieczynna","status":"publish","type":"page","link":"https:\/\/www.axes.com.pl\/?page_id=3412","title":{"rendered":"Infolinia nieczynna"},"content":{"rendered":"\t\t<div data-elementor-type=\"wp-page\" data-elementor-id=\"3412\" class=\"elementor elementor-3412\" data-elementor-settings=\"[]\">\n\t\t\t\t\t\t<div class=\"elementor-inner\">\n\t\t\t\t\t\t\t<div class=\"elementor-section-wrap\">\n\t\t\t\t\t\t\t<section class=\"elementor-section elementor-top-section elementor-element elementor-element-68d2a8a elementor-section-stretched elementor-section-full_width elementor-section-height-default elementor-section-height-default\" data-id=\"68d2a8a\" data-element_type=\"section\" data-settings=\"{&quot;stretch_section&quot;:&quot;section-stretched&quot;,&quot;ekit_has_onepagescroll_dot&quot;:&quot;yes&quot;}\">\n\t\t\t\t\t\t<div class=\"elementor-container elementor-column-gap-default\">\n\t\t\t\t\t\t\t<div class=\"elementor-row\">\n\t\t\t\t\t<div class=\"elementor-column elementor-col-100 elementor-top-column elementor-element elementor-element-cb55b37\" data-id=\"cb55b37\" data-element_type=\"column\">\n\t\t\t<div class=\"elementor-column-wrap elementor-element-populated\">\n\t\t\t\t\t\t\t<div class=\"elementor-widget-wrap\">\n\t\t\t\t\t\t<div class=\"elementor-element elementor-element-b334bdd elementor-widget__width-inherit animated-fast elementor-hidden-phone elementor-invisible elementor-widget elementor-widget-ucaddon_simple_slider\" data-id=\"b334bdd\" data-element_type=\"widget\" data-settings=\"{&quot;_animation&quot;:&quot;fadeIn&quot;}\" data-widget_type=\"ucaddon_simple_slider.default\">\n\t\t\t\t<div class=\"elementor-widget-container\">\n\t\t\t<!-- start Simple Slider -->\n\t\t<link id='uc_cdn_jsdelivr_net_jquery_slick_1_6_0_slick_css-css' href='https:\/\/cdn.jsdelivr.net\/jquery.slick\/1.6.0\/slick.css' type='text\/css' rel='stylesheet' >\n\t\t<link id='uc_cdnjs_cloudflare_com_ajax_libs_animate_css_3_5_2_animate_min_css-css' href='https:\/\/cdnjs.cloudflare.com\/ajax\/libs\/animate.css\/3.5.2\/animate.min.css' type='text\/css' rel='stylesheet' >\n\n\t\t\t<style type=\"text\/css\">\/* widget: Simple Slider *\/\n\n.slider,\n  .slide {\n    height: 800px;\n  }\n\n\n\n.slide {\n  position: relative;\n}\n\n.slide .slide__img {\n  width: 100%;\n  height: auto;\n  overflow: hidden;\n}\n\n@media (min-width: 992px) {\n  .slide .slide__img {\n    position: absolute;\n    top: 50%;\n    left: 0;\n    -webkit-transform: translateY(-50%);\n            transform: translateY(-50%);\n  }\n  .slide .slide__content {\n  position: absolute;\n  top: 50%;\n  left: 50%;\n  -webkit-transform: translate(-50%, -50%);\n          transform: translate(-50%, -50%);\n}\n}\n.slide .slide__img img {\n  max-width: 100%;\n  height: auto;\n  opacity: 1 !important;\n  -webkit-animation-duration: 4s;\n          animation-duration: 4s;\n  transition: all 1s ease;\n}\n.slide .slide__content {\n  position: absolute;\n  top: 50%;\n  left: 50%;\n  -webkit-transform: translate(-50%, -50%);\n          transform: translate(-50%, -50%);\n}\n.slide .slide__content--headings {\n  \/* text-align: center; *\/\n  margin: auto;\n  padding-left: 20px;\n  width: 100%;\n  max-width: 1140px;\n  color: #FFF;\n}\n\n.slide .slide__content--headings.light{\n  color: #0079CD; \n}\n.slide .slide__content--headings h2{\n  width: 50%;\n  max-width: 570px;\n}\n\n@media (max-width: 781px) {\n  .slide .slide__content--headings h2{\n    line-height: 0.8em;\n    width: 75%;\n  }\n}\n.slide .slide__content--headings p{\n  width: 50%;\n  width: 75%;\n  max-width: 570px;\n}\n\n.slide .slide__content--headings.light .uc_style_simple_slider_elementor_uc_items_attribute_subtitle{\n  color: #2E2D2C !important; \n}\n\n.slide .slide__content--headings h2 {\n  font-size: 4.5rem;\n  margin: 10px 0;\n}\n.slide .slide__content--headings .animated {\n  transition: all 0.5s ease;\n}\n\n.slide .slide__content--headings i{\n  text-align: right;\n  width: 50%;\n  font-size: 3rem;\n}\n\n.slider [data-animation-in] {\n  opacity: 0;\n  -webkit-animation-duration: 0.4s;\n          animation-duration: 0.4s;\n  transition: opacity 0.8s ease 0.4s;\n}\n.slick-dotted .slick-slider {\n  margin-bottom: 30px;\n}\n.slick-dots {\n  position: absolute;\n  bottom: 25px;\n  list-style: none;\n  display: block;\n  text-align: center;\n  padding: 0;\n  margin: 0;\n  width: 100%;\n}\n.slick-dots li {\n  position: relative;\n  display: inline-block;\n  margin: 0 15px;\n  padding: 0;\n  cursor: pointer;\n}\n.slick-dots li button {\n  border: 0;\n  display: block;\n  outline: none;\n  line-height: 0px;\n  font-size: 0px;\n  color: transparent;\n  padding: 5px;\n  cursor: pointer;\n  transition: all 0.01s ease;\n}\n.slick-dots li button:hover,\n.slick-dots li button:focus {\n  outline: none;\n}\n.simple-dots .slick-dots li {\n  width: 20px;\n  height: 20px;\n}\n.simple-dots .slick-dots li button {\n  border-radius: 50%;\n  background-color: white;\n  opacity: 0.25;\n  width: 20px;\n  height: 20px;\n}\n.simple-dots .slick-dots li button:hover,\n.simple-dots .slick-dots li button:focus {\n  opacity: 1;\n}\n.simple-dots .slick-dots li.slick-active button {\n  color: white;\n  opacity: 0.75;\n}\n.stick-dots .slick-dots li {\n  height: 3px;\n  width: 50px;\n}\n.stick-dots .slick-dots li button {\n  position: relative;\n  background-color: white;\n  width: 25px;\n  height: 25px;\n  border-radius: 20px;\n  border: 3px solid #0079CD;\n  padding: 0;\n}\n.stick-dots .slick-dots li button:hover,\n.stick-dots .slick-dots li button:focus {\n  opacity: 1;\n  background-color: #0079CD;\n  border-color: white;\n}\n.stick-dots .slick-dots li button:before{\n\topacity: 0;\n}\n.stick-dots .slick-dots li.slick-active button {\n  background-color: #0079CD;\n  border-color: white;\n}\n.stick-dots .slick-dots li.slick-active button:hover,\n.stick-dots .slick-dots li.slick-active button:focus {\n  opacity: 1;\n}\n\/* \/\/\/\/\/\/\/\/\/\/\/ IMAGE ZOOM \/\/\/\/\/\/\/\/\/\/\/ *\/\n@-webkit-keyframes zoomInImage {\n  from {\n    -webkit-transform: scale3d(1, 1, 1);\n            transform: scale3d(1, 1, 1);\n  }\n  to {\n    -webkit-transform: scale3d(1.1, 1.1, 1.1);\n            transform: scale3d(1.1, 1.1, 1.1);\n  }\n}\n@keyframes zoomInImage {\n  from {\n    -webkit-transform: scale3d(1, 1, 1);\n            transform: scale3d(1, 1, 1);\n  }\n  to {\n    -webkit-transform: scale3d(1.1, 1.1, 1.1);\n            transform: scale3d(1.1, 1.1, 1.1);\n  }\n}\n.zoomInImage {\n  -webkit-animation-name: zoomInImage;\n          animation-name: zoomInImage;\n}\n@-webkit-keyframes zoomOutImage {\n  from {\n    -webkit-transform: scale3d(1.1, 1.1, 1.1);\n            transform: scale3d(1.1, 1.1, 1.1);\n  }\n  to {\n    -webkit-transform: scale3d(1, 1, 1);\n            transform: scale3d(1, 1, 1);\n  }\n}\n@keyframes zoomOutImage {\n  from {\n    -webkit-transform: scale3d(1.1, 1.1, 1.1);\n            transform: scale3d(1.1, 1.1, 1.1);\n  }\n  to {\n    -webkit-transform: scale3d(1, 1, 1);\n            transform: scale3d(1, 1, 1);\n  }\n}\n.zoomOutImage {\n  -webkit-animation-name: zoomOutImage;\n          animation-name: zoomOutImage;\n}\n\n\n\n\n@media (max-width: 781px) {\n .slider,\n  .slide {\n    height: 500px;\n  }\n}\n\n@media (max-width: 421px) {\n .slider,\n  .slide {\n    height: 500px;\n  }\n}\n\n<\/style>\n\n\t\t\t<div class=\"slider stick-dots\" style=\"direction:ltr;\">\n     <a style=\"height:800px\" href=\"\">\n\n  <div class=\"slide\" style=\"background-image:url(https:\/\/www.axes.com.pl\/wp-content\/uploads\/2021\/06\/Infolinia.jpg);background-size:cover;background-position:center center;\">\n\n        <div class=\"slide__content\" style=\"position:relative; z-index:100;\">\n          \n          <div class=\"slide__content--headings light full\" style=\"direction:ltr;\">\n            \n             <h2 class=\"\"><span  class=\"uc_style_simple_slider_elementor_uc_items_attribute_title\" style=\"color:#FFFFFF;\">Infolinia nieczynna<\/span><\/h2>\n             <p class=\"\"><span  class=\"uc_style_simple_slider_elementor_uc_items_attribute_subtitle\" style=\"color:#FFFFFF;color: #ffffff !important;\">4 czerwca 2021 r.<\/span><\/p>\n             <i class=\"\"><\/i>\n           \n          <\/div>\n        <\/div>\n  <\/div>\n<div class=\"bacgroundSlide\"  >\n<\/div>\n<\/a>\n\n<\/div>\n\t\t\t<!-- end Simple Slider -->\t\t<\/div>\n\t\t\t\t<\/div>\n\t\t\t\t<div class=\"elementor-element elementor-element-15fb6c0 elementor-widget-divider--view-line elementor-widget elementor-widget-divider\" data-id=\"15fb6c0\" data-element_type=\"widget\" data-widget_type=\"divider.default\">\n\t\t\t\t<div class=\"elementor-widget-container\">\n\t\t\t\t\t<div class=\"elementor-divider\">\n\t\t\t<span class=\"elementor-divider-separator\">\n\t\t\t\t\t\t<\/span>\n\t\t<\/div>\n\t\t\t\t<\/div>\n\t\t\t\t<\/div>\n\t\t\t\t\t\t<\/div>\n\t\t\t\t\t<\/div>\n\t\t<\/div>\n\t\t\t\t\t\t\t\t<\/div>\n\t\t\t\t\t<\/div>\n\t\t<\/section>\n\t\t\t\t<section class=\"elementor-section elementor-top-section elementor-element elementor-element-b8682ae elementor-section-boxed elementor-section-height-default elementor-section-height-default\" data-id=\"b8682ae\" data-element_type=\"section\" data-settings=\"{&quot;ekit_has_onepagescroll_dot&quot;:&quot;yes&quot;}\">\n\t\t\t\t\t\t<div class=\"elementor-container elementor-column-gap-default\">\n\t\t\t\t\t\t\t<div class=\"elementor-row\">\n\t\t\t\t\t<div class=\"elementor-column elementor-col-100 elementor-top-column elementor-element elementor-element-beb4cde\" data-id=\"beb4cde\" data-element_type=\"column\">\n\t\t\t<div class=\"elementor-column-wrap elementor-element-populated\">\n\t\t\t\t\t\t\t<div class=\"elementor-widget-wrap\">\n\t\t\t\t\t\t<div class=\"elementor-element elementor-element-993d1b6 elementor-widget elementor-widget-heading\" data-id=\"993d1b6\" data-element_type=\"widget\" data-widget_type=\"heading.default\">\n\t\t\t\t<div class=\"elementor-widget-container\">\n\t\t\t<h4 class=\"elementor-heading-title elementor-size-default\">Infolinia<\/h4>\t\t<\/div>\n\t\t\t\t<\/div>\n\t\t\t\t<div class=\"elementor-element elementor-element-d5c7842 elementor-widget elementor-widget-heading\" data-id=\"d5c7842\" data-element_type=\"widget\" data-widget_type=\"heading.default\">\n\t\t\t\t<div class=\"elementor-widget-container\">\n\t\t\t<h2 class=\"elementor-heading-title elementor-size-default\">Nieczynna<\/h2>\t\t<\/div>\n\t\t\t\t<\/div>\n\t\t\t\t<div class=\"elementor-element elementor-element-01da374 elementor-widget-divider--view-line elementor-widget elementor-widget-divider\" data-id=\"01da374\" data-element_type=\"widget\" data-widget_type=\"divider.default\">\n\t\t\t\t<div class=\"elementor-widget-container\">\n\t\t\t\t\t<div class=\"elementor-divider\">\n\t\t\t<span class=\"elementor-divider-separator\">\n\t\t\t\t\t\t<\/span>\n\t\t<\/div>\n\t\t\t\t<\/div>\n\t\t\t\t<\/div>\n\t\t\t\t\t\t<\/div>\n\t\t\t\t\t<\/div>\n\t\t<\/div>\n\t\t\t\t\t\t\t\t<\/div>\n\t\t\t\t\t<\/div>\n\t\t<\/section>\n\t\t\t\t<section class=\"elementor-section elementor-top-section elementor-element elementor-element-5fa890b elementor-section-boxed elementor-section-height-default elementor-section-height-default\" data-id=\"5fa890b\" data-element_type=\"section\" data-settings=\"{&quot;ekit_has_onepagescroll_dot&quot;:&quot;yes&quot;}\">\n\t\t\t\t\t\t<div class=\"elementor-container elementor-column-gap-default\">\n\t\t\t\t\t\t\t<div class=\"elementor-row\">\n\t\t\t\t\t<div class=\"elementor-column elementor-col-100 elementor-top-column elementor-element elementor-element-e85f49b\" data-id=\"e85f49b\" data-element_type=\"column\">\n\t\t\t<div class=\"elementor-column-wrap elementor-element-populated\">\n\t\t\t\t\t\t\t<div class=\"elementor-widget-wrap\">\n\t\t\t\t\t\t<div class=\"elementor-element elementor-element-eb19924 elementor-widget elementor-widget-text-editor\" data-id=\"eb19924\" data-element_type=\"widget\" data-widget_type=\"text-editor.default\">\n\t\t\t\t<div class=\"elementor-widget-container\">\n\t\t\t\t\t<div class=\"elementor-text-editor elementor-clearfix\"><p>Szanowni Pa\u0144stwo,<\/p>\n<p>uprzejmie informujemy,<br><b>i\u017c w dniu 4 czerwca 2021 r.<\/b><br>Dzia\u0142 Obs\u0142ugi Klienta i Dzia\u0142 Wsparcia Technicznego b\u0119d\u0105 nieczynne.<\/p>\n<p>W pozosta\u0142e dni robocze infolinia oraz pomoc techniczna b\u0119d\u0105 funkcjonowa\u0142y bez zmian w godzinach 8:00 &#8211; 16:00<\/p><\/div>\n\t\t\t\t<\/div>\n\t\t\t\t<\/div>\n\t\t\t\t\t\t<\/div>\n\t\t\t\t\t<\/div>\n\t\t<\/div>\n\t\t\t\t\t\t\t\t<\/div>\n\t\t\t\t\t<\/div>\n\t\t<\/section>\n\t\t\t\t\t\t<\/div>\n\t\t\t\t\t\t<\/div>\n\t\t\t\t\t<\/div>\n\t\t","protected":false},"excerpt":{"rendered":"<p>Infolinia nieczynna 4 czerwca 2021 r. Infolinia Nieczynna Szanowni Pa\u0144stwo, uprzejmie informujemy,i\u017c w dniu 4 czerwca 2021 r.Dzia\u0142 Obs\u0142ugi Klienta i Dzia\u0142 Wsparcia Technicznego b\u0119d\u0105 nieczynne. W pozosta\u0142e dni robocze infolinia oraz pomoc techniczna b\u0119d\u0105 funkcjonowa\u0142y bez zmian w godzinach 8:00 &#8211; 16:00<\/p>\n","protected":false},"author":39,"featured_media":0,"parent":0,"menu_order":0,"comment_status":"closed","ping_status":"closed","template":"elementor_header_footer","meta":[],"_links":{"self":[{"href":"https:\/\/www.axes.com.pl\/index.php?rest_route=\/wp\/v2\/pages\/3412"}],"collection":[{"href":"https:\/\/www.axes.com.pl\/index.php?rest_route=\/wp\/v2\/pages"}],"about":[{"href":"https:\/\/www.axes.com.pl\/index.php?rest_route=\/wp\/v2\/types\/page"}],"author":[{"embeddable":true,"href":"https:\/\/www.axes.com.pl\/index.php?rest_route=\/wp\/v2\/users\/39"}],"replies":[{"embeddable":true,"href":"https:\/\/www.axes.com.pl\/index.php?rest_route=%2Fwp%2Fv2%2Fcomments&post=3412"}],"version-history":[{"count":3,"href":"https:\/\/www.axes.com.pl\/index.php?rest_route=\/wp\/v2\/pages\/3412\/revisions"}],"predecessor-version":[{"id":3416,"href":"https:\/\/www.axes.com.pl\/index.php?rest_route=\/wp\/v2\/pages\/3412\/revisions\/3416"}],"wp:attachment":[{"href":"https:\/\/www.axes.com.pl\/index.php?rest_route=%2Fwp%2Fv2%2Fmedia&parent=3412"}],"curies":[{"name":"wp","href":"https:\/\/api.w.org\/{rel}","templated":true}]}}