{"id":3206,"date":"2021-02-11T12:42:07","date_gmt":"2021-02-11T11:42:07","guid":{"rendered":"http:\/\/www.axes.com.pl\/?page_id=3206"},"modified":"2024-01-30T14:49:47","modified_gmt":"2024-01-30T13:49:47","slug":"dokumenty","status":"publish","type":"page","link":"https:\/\/www.axes.com.pl\/?page_id=3206","title":{"rendered":"Dokumenty"},"content":{"rendered":"\t\t<div data-elementor-type=\"wp-page\" data-elementor-id=\"3206\" class=\"elementor elementor-3206\" data-elementor-settings=\"[]\">\n\t\t\t\t\t\t<div class=\"elementor-inner\">\n\t\t\t\t\t\t\t<div class=\"elementor-section-wrap\">\n\t\t\t\t\t\t\t<section class=\"elementor-section elementor-top-section elementor-element elementor-element-1fb88d7 elementor-section-stretched elementor-section-full_width elementor-section-height-default elementor-section-height-default\" data-id=\"1fb88d7\" data-element_type=\"section\" data-settings=\"{&quot;stretch_section&quot;:&quot;section-stretched&quot;,&quot;ekit_has_onepagescroll_dot&quot;:&quot;yes&quot;}\">\n\t\t\t\t\t\t<div class=\"elementor-container elementor-column-gap-default\">\n\t\t\t\t\t\t\t<div class=\"elementor-row\">\n\t\t\t\t\t<div class=\"elementor-column elementor-col-100 elementor-top-column elementor-element elementor-element-68d32b3\" data-id=\"68d32b3\" data-element_type=\"column\">\n\t\t\t<div class=\"elementor-column-wrap elementor-element-populated\">\n\t\t\t\t\t\t\t<div class=\"elementor-widget-wrap\">\n\t\t\t\t\t\t<div class=\"elementor-element elementor-element-4dbf127 elementor-widget__width-inherit elementor-widget elementor-widget-ucaddon_simple_slider\" data-id=\"4dbf127\" data-element_type=\"widget\" data-widget_type=\"ucaddon_simple_slider.default\">\n\t\t\t\t<div class=\"elementor-widget-container\">\n\t\t\t<!-- start Simple Slider -->\n\t\t<link id='uc_cdn_jsdelivr_net_jquery_slick_1_6_0_slick_css-css' href='https:\/\/cdn.jsdelivr.net\/jquery.slick\/1.6.0\/slick.css' type='text\/css' rel='stylesheet' >\n\t\t<link id='uc_cdnjs_cloudflare_com_ajax_libs_animate_css_3_5_2_animate_min_css-css' href='https:\/\/cdnjs.cloudflare.com\/ajax\/libs\/animate.css\/3.5.2\/animate.min.css' type='text\/css' rel='stylesheet' >\n\n\t\t\t<style type=\"text\/css\">\/* widget: Simple Slider *\/\n\n.slider,\n  .slide {\n    height: 800px;\n  }\n\n\n\n.slide {\n  position: relative;\n}\n\n.slide .slide__img {\n  width: 100%;\n  height: auto;\n  overflow: hidden;\n}\n\n@media (min-width: 992px) {\n  .slide .slide__img {\n    position: absolute;\n    top: 50%;\n    left: 0;\n    -webkit-transform: translateY(-50%);\n            transform: translateY(-50%);\n  }\n  .slide .slide__content {\n  position: absolute;\n  top: 50%;\n  left: 50%;\n  -webkit-transform: translate(-50%, -50%);\n          transform: translate(-50%, -50%);\n}\n}\n.slide .slide__img img {\n  max-width: 100%;\n  height: auto;\n  opacity: 1 !important;\n  -webkit-animation-duration: 4s;\n          animation-duration: 4s;\n  transition: all 1s ease;\n}\n.slide .slide__content {\n  position: absolute;\n  top: 50%;\n  left: 50%;\n  -webkit-transform: translate(-50%, -50%);\n          transform: translate(-50%, -50%);\n}\n.slide .slide__content--headings {\n  \/* text-align: center; *\/\n  margin: auto;\n  padding-left: 20px;\n  width: 100%;\n  max-width: 1140px;\n  color: #FFF;\n}\n\n.slide .slide__content--headings.light{\n  color: #0079CD; \n}\n.slide .slide__content--headings h2{\n  width: 50%;\n  max-width: 570px;\n}\n\n@media (max-width: 781px) {\n  .slide .slide__content--headings h2{\n    line-height: 0.8em;\n    width: 75%;\n  }\n}\n.slide .slide__content--headings p{\n  width: 50%;\n  width: 75%;\n  max-width: 570px;\n}\n\n.slide .slide__content--headings.light .uc_style_simple_slider_elementor_uc_items_attribute_subtitle{\n  color: #2E2D2C !important; \n}\n\n.slide .slide__content--headings h2 {\n  font-size: 4.5rem;\n  margin: 10px 0;\n}\n.slide .slide__content--headings .animated {\n  transition: all 0.5s ease;\n}\n\n.slide .slide__content--headings i{\n  text-align: right;\n  width: 50%;\n  font-size: 3rem;\n}\n\n.slider [data-animation-in] {\n  opacity: 0;\n  -webkit-animation-duration: 0.4s;\n          animation-duration: 0.4s;\n  transition: opacity 0.8s ease 0.4s;\n}\n.slick-dotted .slick-slider {\n  margin-bottom: 30px;\n}\n.slick-dots {\n  position: absolute;\n  bottom: 25px;\n  list-style: none;\n  display: block;\n  text-align: center;\n  padding: 0;\n  margin: 0;\n  width: 100%;\n}\n.slick-dots li {\n  position: relative;\n  display: inline-block;\n  margin: 0 15px;\n  padding: 0;\n  cursor: pointer;\n}\n.slick-dots li button {\n  border: 0;\n  display: block;\n  outline: none;\n  line-height: 0px;\n  font-size: 0px;\n  color: transparent;\n  padding: 5px;\n  cursor: pointer;\n  transition: all 0.01s ease;\n}\n.slick-dots li button:hover,\n.slick-dots li button:focus {\n  outline: none;\n}\n.simple-dots .slick-dots li {\n  width: 20px;\n  height: 20px;\n}\n.simple-dots .slick-dots li button {\n  border-radius: 50%;\n  background-color: white;\n  opacity: 0.25;\n  width: 20px;\n  height: 20px;\n}\n.simple-dots .slick-dots li button:hover,\n.simple-dots .slick-dots li button:focus {\n  opacity: 1;\n}\n.simple-dots .slick-dots li.slick-active button {\n  color: white;\n  opacity: 0.75;\n}\n.stick-dots .slick-dots li {\n  height: 3px;\n  width: 50px;\n}\n.stick-dots .slick-dots li button {\n  position: relative;\n  background-color: white;\n  width: 25px;\n  height: 25px;\n  border-radius: 20px;\n  border: 3px solid #0079CD;\n  padding: 0;\n}\n.stick-dots .slick-dots li button:hover,\n.stick-dots .slick-dots li button:focus {\n  opacity: 1;\n  background-color: #0079CD;\n  border-color: white;\n}\n.stick-dots .slick-dots li button:before{\n\topacity: 0;\n}\n.stick-dots .slick-dots li.slick-active button {\n  background-color: #0079CD;\n  border-color: white;\n}\n.stick-dots .slick-dots li.slick-active button:hover,\n.stick-dots .slick-dots li.slick-active button:focus {\n  opacity: 1;\n}\n\/* \/\/\/\/\/\/\/\/\/\/\/ IMAGE ZOOM \/\/\/\/\/\/\/\/\/\/\/ *\/\n@-webkit-keyframes zoomInImage {\n  from {\n    -webkit-transform: scale3d(1, 1, 1);\n            transform: scale3d(1, 1, 1);\n  }\n  to {\n    -webkit-transform: scale3d(1.1, 1.1, 1.1);\n            transform: scale3d(1.1, 1.1, 1.1);\n  }\n}\n@keyframes zoomInImage {\n  from {\n    -webkit-transform: scale3d(1, 1, 1);\n            transform: scale3d(1, 1, 1);\n  }\n  to {\n    -webkit-transform: scale3d(1.1, 1.1, 1.1);\n            transform: scale3d(1.1, 1.1, 1.1);\n  }\n}\n.zoomInImage {\n  -webkit-animation-name: zoomInImage;\n          animation-name: zoomInImage;\n}\n@-webkit-keyframes zoomOutImage {\n  from {\n    -webkit-transform: scale3d(1.1, 1.1, 1.1);\n            transform: scale3d(1.1, 1.1, 1.1);\n  }\n  to {\n    -webkit-transform: scale3d(1, 1, 1);\n            transform: scale3d(1, 1, 1);\n  }\n}\n@keyframes zoomOutImage {\n  from {\n    -webkit-transform: scale3d(1.1, 1.1, 1.1);\n            transform: scale3d(1.1, 1.1, 1.1);\n  }\n  to {\n    -webkit-transform: scale3d(1, 1, 1);\n            transform: scale3d(1, 1, 1);\n  }\n}\n.zoomOutImage {\n  -webkit-animation-name: zoomOutImage;\n          animation-name: zoomOutImage;\n}\n\n\n\n\n@media (max-width: 781px) {\n .slider,\n  .slide {\n    height: 500px;\n  }\n}\n\n@media (max-width: 421px) {\n .slider,\n  .slide {\n    height: 500px;\n  }\n}\n\n<\/style>\n\n\t\t\t<div class=\"slider stick-dots\" style=\"direction:ltr;\">\n     <a style=\"height:800px\" href=\"\">\n\n  <div class=\"slide\" style=\"background-image:url(https:\/\/www.axes.com.pl\/wp-content\/uploads\/2021\/02\/Terms-scaled.jpg);background-size:cover;background-position:center center;\">\n\n        <div class=\"slide__content\" style=\"position:relative; z-index:100;\">\n          \n          <div class=\"slide__content--headings  full\" style=\"direction:ltr;\">\n            \n             <h2 class=\"\"><span  class=\"uc_style_simple_slider_elementor_uc_items_attribute_title\" style=\"color:#FFFFFF;position: relative;\">Dokumenty i regulaminy<\/span><\/h2>\n             <p class=\"\"><span  class=\"uc_style_simple_slider_elementor_uc_items_attribute_subtitle\" style=\"color:#FFFFFF;\">Dokumenty, regulaminy i instrukcje dost\u0119pne w jednym miejscu.<\/span><\/p>\n             <i class=\"\"><\/i>\n           \n          <\/div>\n        <\/div>\n  <\/div>\n<div class=\"bacgroundSlide\"  >\n<\/div>\n<\/a>\n\n<\/div>\n\t\t\t<!-- end Simple Slider -->\t\t<\/div>\n\t\t\t\t<\/div>\n\t\t\t\t<div class=\"elementor-element elementor-element-ba96fd3 elementor-widget-divider--view-line elementor-widget elementor-widget-divider\" data-id=\"ba96fd3\" data-element_type=\"widget\" data-widget_type=\"divider.default\">\n\t\t\t\t<div class=\"elementor-widget-container\">\n\t\t\t\t\t<div class=\"elementor-divider\">\n\t\t\t<span class=\"elementor-divider-separator\">\n\t\t\t\t\t\t<\/span>\n\t\t<\/div>\n\t\t\t\t<\/div>\n\t\t\t\t<\/div>\n\t\t\t\t\t\t<\/div>\n\t\t\t\t\t<\/div>\n\t\t<\/div>\n\t\t\t\t\t\t\t\t<\/div>\n\t\t\t\t\t<\/div>\n\t\t<\/section>\n\t\t\t\t<section class=\"elementor-section elementor-top-section elementor-element elementor-element-f75ee70 elementor-section-boxed elementor-section-height-default elementor-section-height-default\" data-id=\"f75ee70\" data-element_type=\"section\" data-settings=\"{&quot;ekit_has_onepagescroll_dot&quot;:&quot;yes&quot;}\">\n\t\t\t\t\t\t<div class=\"elementor-container elementor-column-gap-default\">\n\t\t\t\t\t\t\t<div class=\"elementor-row\">\n\t\t\t\t\t<div class=\"elementor-column elementor-col-50 elementor-top-column elementor-element elementor-element-aefe88d\" data-id=\"aefe88d\" data-element_type=\"column\" data-settings=\"{&quot;background_background&quot;:&quot;classic&quot;}\">\n\t\t\t<div class=\"elementor-column-wrap elementor-element-populated\">\n\t\t\t\t\t<div class=\"elementor-background-overlay\"><\/div>\n\t\t\t\t\t\t\t<div class=\"elementor-widget-wrap\">\n\t\t\t\t\t\t<div class=\"elementor-element elementor-element-9077ab3 elementor-widget elementor-widget-heading\" data-id=\"9077ab3\" data-element_type=\"widget\" data-widget_type=\"heading.default\">\n\t\t\t\t<div class=\"elementor-widget-container\">\n\t\t\t<h2 class=\"elementor-heading-title elementor-size-default\">REGULAMINY<\/h2>\t\t<\/div>\n\t\t\t\t<\/div>\n\t\t\t\t<div class=\"elementor-element elementor-element-93701f4 elementor-widget-divider--view-line elementor-widget elementor-widget-divider\" data-id=\"93701f4\" data-element_type=\"widget\" data-widget_type=\"divider.default\">\n\t\t\t\t<div class=\"elementor-widget-container\">\n\t\t\t\t\t<div class=\"elementor-divider\">\n\t\t\t<span class=\"elementor-divider-separator\">\n\t\t\t\t\t\t<\/span>\n\t\t<\/div>\n\t\t\t\t<\/div>\n\t\t\t\t<\/div>\n\t\t\t\t<div class=\"elementor-element elementor-element-21faaa7 elementor-widget elementor-widget-elementskit-button\" data-id=\"21faaa7\" data-element_type=\"widget\" data-widget_type=\"elementskit-button.default\">\n\t\t\t\t<div class=\"elementor-widget-container\">\n\t\t\t<div class=\"ekit-wid-con\" >\t\t<div class=\"ekit-btn-wraper\">\n\t\t\t\t\t\t\t<a href=\"https:\/\/www.cdif3.com\/?section=\/strefa\/regulamin\" rel=\"nofollow\" class=\"elementskit-btn \" >\n\t\t\t\t\tRegulamin strefy u\u017cytkownika\n\t\t\t\t\t<i aria-hidden=\"true\" class=\"far fa-arrow-alt-circle-right\"><\/i>\n\t\t\t\t<\/a>\n\t\t\t\t\t\t<\/div>\n        <\/div>\t\t<\/div>\n\t\t\t\t<\/div>\n\t\t\t\t<div class=\"elementor-element elementor-element-6c05d3a elementor-widget elementor-widget-elementskit-button\" data-id=\"6c05d3a\" data-element_type=\"widget\" data-widget_type=\"elementskit-button.default\">\n\t\t\t\t<div class=\"elementor-widget-container\">\n\t\t\t<div class=\"ekit-wid-con\" >\t\t<div class=\"ekit-btn-wraper\">\n\t\t\t\t\t\t\t<a href=\"https:\/\/www.cdif3.com\/docs\/pl\/cdif3_warunki_gwarancji_www.pdf\" rel=\"nofollow\" class=\"elementskit-btn \" >\n\t\t\t\t\tWarunki gwarancji\n\t\t\t\t\t<i aria-hidden=\"true\" class=\"far fa-arrow-alt-circle-right\"><\/i>\n\t\t\t\t<\/a>\n\t\t\t\t\t\t<\/div>\n        <\/div>\t\t<\/div>\n\t\t\t\t<\/div>\n\t\t\t\t<div class=\"elementor-element elementor-element-7da7178 elementor-widget elementor-widget-elementskit-button\" data-id=\"7da7178\" data-element_type=\"widget\" data-widget_type=\"elementskit-button.default\">\n\t\t\t\t<div class=\"elementor-widget-container\">\n\t\t\t<div class=\"ekit-wid-con\" >\t\t<div class=\"ekit-btn-wraper\">\n\t\t\t\t\t\t\t<a href=\"https:\/\/www.cdif3.com\/docs\/pl\/deklaracja_zgodnosci_ce.pdf\" rel=\"nofollow\" class=\"elementskit-btn \" >\n\t\t\t\t\tDeklaracja zgodno\u015bci\n\t\t\t\t\t<i aria-hidden=\"true\" class=\"far fa-arrow-alt-circle-right\"><\/i>\n\t\t\t\t<\/a>\n\t\t\t\t\t\t<\/div>\n        <\/div>\t\t<\/div>\n\t\t\t\t<\/div>\n\t\t\t\t\t\t<\/div>\n\t\t\t\t\t<\/div>\n\t\t<\/div>\n\t\t\t\t<div class=\"elementor-column elementor-col-50 elementor-top-column elementor-element elementor-element-cfe841c\" data-id=\"cfe841c\" data-element_type=\"column\">\n\t\t\t<div class=\"elementor-column-wrap elementor-element-populated\">\n\t\t\t\t\t\t\t<div class=\"elementor-widget-wrap\">\n\t\t\t\t\t\t<div class=\"elementor-element elementor-element-3e8e9e9 elementor-widget elementor-widget-heading\" data-id=\"3e8e9e9\" data-element_type=\"widget\" data-widget_type=\"heading.default\">\n\t\t\t\t<div class=\"elementor-widget-container\">\n\t\t\t<h2 class=\"elementor-heading-title elementor-size-default\">INSTRUKCJE<\/h2>\t\t<\/div>\n\t\t\t\t<\/div>\n\t\t\t\t<div class=\"elementor-element elementor-element-5b648bf elementor-widget-divider--view-line elementor-widget elementor-widget-divider\" data-id=\"5b648bf\" data-element_type=\"widget\" data-widget_type=\"divider.default\">\n\t\t\t\t<div class=\"elementor-widget-container\">\n\t\t\t\t\t<div class=\"elementor-divider\">\n\t\t\t<span class=\"elementor-divider-separator\">\n\t\t\t\t\t\t<\/span>\n\t\t<\/div>\n\t\t\t\t<\/div>\n\t\t\t\t<\/div>\n\t\t\t\t<div class=\"elementor-element elementor-element-412a0ce elementor-widget elementor-widget-elementskit-button\" data-id=\"412a0ce\" data-element_type=\"widget\" data-widget_type=\"elementskit-button.default\">\n\t\t\t\t<div class=\"elementor-widget-container\">\n\t\t\t<div class=\"ekit-wid-con\" >\t\t<div class=\"ekit-btn-wraper\">\n\t\t\t\t\t\t\t<a href=\"https:\/\/www.cdif3.com\/docs\/pl\/instrukcja_obslugi.pdf\" rel=\"nofollow\" class=\"elementskit-btn \" >\n\t\t\t\t\tInstrukcja obs\u0142ugi CDIF\/3\n\t\t\t\t\t<i aria-hidden=\"true\" class=\"far fa-arrow-alt-circle-right\"><\/i>\n\t\t\t\t<\/a>\n\t\t\t\t\t\t<\/div>\n        <\/div>\t\t<\/div>\n\t\t\t\t<\/div>\n\t\t\t\t<div class=\"elementor-element elementor-element-e0a32b8 elementor-widget elementor-widget-elementskit-button\" data-id=\"e0a32b8\" data-element_type=\"widget\" data-widget_type=\"elementskit-button.default\">\n\t\t\t\t<div class=\"elementor-widget-container\">\n\t\t\t<div class=\"ekit-wid-con\" >\t\t<div class=\"ekit-btn-wraper\">\n\t\t\t\t\t\t\t<a href=\"https:\/\/www.cdif3.com\/docs\/pl\/Instrukcja_CDIF3_+_PL.pdf\" rel=\"nofollow\" class=\"elementskit-btn \" >\n\t\t\t\t\tInstrukcja obs\u0142ugi CDIF\/3 +\n\t\t\t\t\t<i aria-hidden=\"true\" class=\"far fa-arrow-alt-circle-right\"><\/i>\n\t\t\t\t<\/a>\n\t\t\t\t\t\t<\/div>\n        <\/div>\t\t<\/div>\n\t\t\t\t<\/div>\n\t\t\t\t<div class=\"elementor-element elementor-element-ad439df elementor-widget elementor-widget-elementskit-button\" data-id=\"ad439df\" data-element_type=\"widget\" data-widget_type=\"elementskit-button.default\">\n\t\t\t\t<div class=\"elementor-widget-container\">\n\t\t\t<div class=\"ekit-wid-con\" >\t\t<div class=\"ekit-btn-wraper\">\n\t\t\t\t\t\t\t<a href=\"https:\/\/www.cdif3.com\/docs\/pl\/instrukcja_expert.pdf\" rel=\"nofollow\" class=\"elementskit-btn \" >\n\t\t\t\t\tInstrukcja obs\u0142ugi CDIF\/3 Expert\n\t\t\t\t\t<i aria-hidden=\"true\" class=\"far fa-arrow-alt-circle-right\"><\/i>\n\t\t\t\t<\/a>\n\t\t\t\t\t\t<\/div>\n        <\/div>\t\t<\/div>\n\t\t\t\t<\/div>\n\t\t\t\t<div class=\"elementor-element elementor-element-76bfe5f elementor-widget elementor-widget-elementskit-button\" data-id=\"76bfe5f\" data-element_type=\"widget\" data-widget_type=\"elementskit-button.default\">\n\t\t\t\t<div class=\"elementor-widget-container\">\n\t\t\t<div class=\"ekit-wid-con\" >\t\t<div class=\"ekit-btn-wraper\">\n\t\t\t\t\t\t\t<a href=\"https:\/\/www.cdif3.com\/docs\/pl\/instrukcja_expert_+.pdf\" rel=\"nofollow\" class=\"elementskit-btn \" >\n\t\t\t\t\tInstrukcja obs\u0142ugi CDIF\/3 Expert +\n\t\t\t\t\t<i aria-hidden=\"true\" class=\"far fa-arrow-alt-circle-right\"><\/i>\n\t\t\t\t<\/a>\n\t\t\t\t\t\t<\/div>\n        <\/div>\t\t<\/div>\n\t\t\t\t<\/div>\n\t\t\t\t<div class=\"elementor-element elementor-element-e289b28 elementor-widget elementor-widget-elementskit-button\" data-id=\"e289b28\" data-element_type=\"widget\" data-widget_type=\"elementskit-button.default\">\n\t\t\t\t<div class=\"elementor-widget-container\">\n\t\t\t<div class=\"ekit-wid-con\" >\t\t<div class=\"ekit-btn-wraper\">\n\t\t\t\t\t\t\t<a href=\"https:\/\/www.cdif3.com\/docs\/pl\/Instrukcja_NEX_PL.pdf\" rel=\"nofollow\" class=\"elementskit-btn \" >\n\t\t\t\t\tInstrukcja obs\u0142ugi NEX\n\t\t\t\t\t<i aria-hidden=\"true\" class=\"far fa-arrow-alt-circle-right\"><\/i>\n\t\t\t\t<\/a>\n\t\t\t\t\t\t<\/div>\n        <\/div>\t\t<\/div>\n\t\t\t\t<\/div>\n\t\t\t\t\t\t<\/div>\n\t\t\t\t\t<\/div>\n\t\t<\/div>\n\t\t\t\t\t\t\t\t<\/div>\n\t\t\t\t\t<\/div>\n\t\t<\/section>\n\t\t\t\t\t\t<\/div>\n\t\t\t\t\t\t<\/div>\n\t\t\t\t\t<\/div>\n\t\t","protected":false},"excerpt":{"rendered":"<p>Dokumenty i regulaminy Dokumenty, regulaminy i instrukcje dost\u0119pne w jednym miejscu. REGULAMINY Regulamin strefy u\u017cytkownika Warunki gwarancji Deklaracja zgodno\u015bci INSTRUKCJE Instrukcja obs\u0142ugi CDIF\/3 Instrukcja obs\u0142ugi CDIF\/3 + Instrukcja obs\u0142ugi CDIF\/3 Expert Instrukcja obs\u0142ugi CDIF\/3 Expert + Instrukcja obs\u0142ugi NEX<\/p>\n","protected":false},"author":39,"featured_media":0,"parent":0,"menu_order":0,"comment_status":"closed","ping_status":"closed","template":"elementor_header_footer","meta":[],"_links":{"self":[{"href":"https:\/\/www.axes.com.pl\/index.php?rest_route=\/wp\/v2\/pages\/3206"}],"collection":[{"href":"https:\/\/www.axes.com.pl\/index.php?rest_route=\/wp\/v2\/pages"}],"about":[{"href":"https:\/\/www.axes.com.pl\/index.php?rest_route=\/wp\/v2\/types\/page"}],"author":[{"embeddable":true,"href":"https:\/\/www.axes.com.pl\/index.php?rest_route=\/wp\/v2\/users\/39"}],"replies":[{"embeddable":true,"href":"https:\/\/www.axes.com.pl\/index.php?rest_route=%2Fwp%2Fv2%2Fcomments&post=3206"}],"version-history":[{"count":10,"href":"https:\/\/www.axes.com.pl\/index.php?rest_route=\/wp\/v2\/pages\/3206\/revisions"}],"predecessor-version":[{"id":4227,"href":"https:\/\/www.axes.com.pl\/index.php?rest_route=\/wp\/v2\/pages\/3206\/revisions\/4227"}],"wp:attachment":[{"href":"https:\/\/www.axes.com.pl\/index.php?rest_route=%2Fwp%2Fv2%2Fmedia&parent=3206"}],"curies":[{"name":"wp","href":"https:\/\/api.w.org\/{rel}","templated":true}]}}