{"id":285,"date":"2020-06-19T08:25:52","date_gmt":"2020-06-19T06:25:52","guid":{"rendered":"http:\/\/www.axes.intralia\/1\/?page_id=285"},"modified":"2024-01-17T14:38:26","modified_gmt":"2024-01-17T13:38:26","slug":"o-firmie-2","status":"publish","type":"page","link":"https:\/\/www.axes.com.pl\/?page_id=285","title":{"rendered":"O firmie"},"content":{"rendered":"\t\t<div data-elementor-type=\"wp-page\" data-elementor-id=\"285\" class=\"elementor elementor-285\" data-elementor-settings=\"[]\">\n\t\t\t\t\t\t<div class=\"elementor-inner\">\n\t\t\t\t\t\t\t<div class=\"elementor-section-wrap\">\n\t\t\t\t\t\t\t<section class=\"elementor-section elementor-top-section elementor-element elementor-element-153903e elementor-section-stretched elementor-section-full_width elementor-section-height-default elementor-section-height-default\" data-id=\"153903e\" data-element_type=\"section\" data-settings=\"{&quot;stretch_section&quot;:&quot;section-stretched&quot;,&quot;ekit_has_onepagescroll_dot&quot;:&quot;yes&quot;}\">\n\t\t\t\t\t\t<div class=\"elementor-container elementor-column-gap-default\">\n\t\t\t\t\t\t\t<div class=\"elementor-row\">\n\t\t\t\t\t<div class=\"elementor-column elementor-col-100 elementor-top-column elementor-element elementor-element-351719d\" data-id=\"351719d\" data-element_type=\"column\">\n\t\t\t<div class=\"elementor-column-wrap elementor-element-populated\">\n\t\t\t\t\t\t\t<div class=\"elementor-widget-wrap\">\n\t\t\t\t\t\t<div class=\"elementor-element elementor-element-1a159b2 elementor-widget__width-inherit animated-fast elementor-hidden-phone elementor-invisible elementor-widget elementor-widget-ucaddon_simple_slider\" data-id=\"1a159b2\" data-element_type=\"widget\" data-settings=\"{&quot;_animation&quot;:&quot;fadeIn&quot;}\" data-widget_type=\"ucaddon_simple_slider.default\">\n\t\t\t\t<div class=\"elementor-widget-container\">\n\t\t\t<!-- start Simple Slider -->\n\t\t<link id='uc_cdn_jsdelivr_net_jquery_slick_1_6_0_slick_css-css' href='https:\/\/cdn.jsdelivr.net\/jquery.slick\/1.6.0\/slick.css' type='text\/css' rel='stylesheet' >\n\t\t<link id='uc_cdnjs_cloudflare_com_ajax_libs_animate_css_3_5_2_animate_min_css-css' href='https:\/\/cdnjs.cloudflare.com\/ajax\/libs\/animate.css\/3.5.2\/animate.min.css' type='text\/css' rel='stylesheet' >\n\n\t\t\t<style type=\"text\/css\">\/* widget: Simple Slider *\/\n\n.slider,\n  .slide {\n    height: 800px;\n  }\n\n\n\n.slide {\n  position: relative;\n}\n\n.slide .slide__img {\n  width: 100%;\n  height: auto;\n  overflow: hidden;\n}\n\n@media (min-width: 992px) {\n  .slide .slide__img {\n    position: absolute;\n    top: 50%;\n    left: 0;\n    -webkit-transform: translateY(-50%);\n            transform: translateY(-50%);\n  }\n  .slide .slide__content {\n  position: absolute;\n  top: 50%;\n  left: 50%;\n  -webkit-transform: translate(-50%, -50%);\n          transform: translate(-50%, -50%);\n}\n}\n.slide .slide__img img {\n  max-width: 100%;\n  height: auto;\n  opacity: 1 !important;\n  -webkit-animation-duration: 4s;\n          animation-duration: 4s;\n  transition: all 1s ease;\n}\n.slide .slide__content {\n  position: absolute;\n  top: 50%;\n  left: 50%;\n  -webkit-transform: translate(-50%, -50%);\n          transform: translate(-50%, -50%);\n}\n.slide .slide__content--headings {\n  \/* text-align: center; *\/\n  margin: auto;\n  padding-left: 20px;\n  width: 100%;\n  max-width: 1140px;\n  color: #FFF;\n}\n\n.slide .slide__content--headings.light{\n  color: #0079CD; \n}\n.slide .slide__content--headings h2{\n  width: 50%;\n  max-width: 570px;\n}\n\n@media (max-width: 781px) {\n  .slide .slide__content--headings h2{\n    line-height: 0.8em;\n    width: 75%;\n  }\n}\n.slide .slide__content--headings p{\n  width: 50%;\n  width: 75%;\n  max-width: 570px;\n}\n\n.slide .slide__content--headings.light .uc_style_simple_slider_elementor_uc_items_attribute_subtitle{\n  color: #2E2D2C !important; \n}\n\n.slide .slide__content--headings h2 {\n  font-size: 4.5rem;\n  margin: 10px 0;\n}\n.slide .slide__content--headings .animated {\n  transition: all 0.5s ease;\n}\n\n.slide .slide__content--headings i{\n  text-align: right;\n  width: 50%;\n  font-size: 3rem;\n}\n\n.slider [data-animation-in] {\n  opacity: 0;\n  -webkit-animation-duration: 0.4s;\n          animation-duration: 0.4s;\n  transition: opacity 0.8s ease 0.4s;\n}\n.slick-dotted .slick-slider {\n  margin-bottom: 30px;\n}\n.slick-dots {\n  position: absolute;\n  bottom: 25px;\n  list-style: none;\n  display: block;\n  text-align: center;\n  padding: 0;\n  margin: 0;\n  width: 100%;\n}\n.slick-dots li {\n  position: relative;\n  display: inline-block;\n  margin: 0 15px;\n  padding: 0;\n  cursor: pointer;\n}\n.slick-dots li button {\n  border: 0;\n  display: block;\n  outline: none;\n  line-height: 0px;\n  font-size: 0px;\n  color: transparent;\n  padding: 5px;\n  cursor: pointer;\n  transition: all 0.01s ease;\n}\n.slick-dots li button:hover,\n.slick-dots li button:focus {\n  outline: none;\n}\n.simple-dots .slick-dots li {\n  width: 20px;\n  height: 20px;\n}\n.simple-dots .slick-dots li button {\n  border-radius: 50%;\n  background-color: white;\n  opacity: 0.25;\n  width: 20px;\n  height: 20px;\n}\n.simple-dots .slick-dots li button:hover,\n.simple-dots .slick-dots li button:focus {\n  opacity: 1;\n}\n.simple-dots .slick-dots li.slick-active button {\n  color: white;\n  opacity: 0.75;\n}\n.stick-dots .slick-dots li {\n  height: 3px;\n  width: 50px;\n}\n.stick-dots .slick-dots li button {\n  position: relative;\n  background-color: white;\n  width: 25px;\n  height: 25px;\n  border-radius: 20px;\n  border: 3px solid #0079CD;\n  padding: 0;\n}\n.stick-dots .slick-dots li button:hover,\n.stick-dots .slick-dots li button:focus {\n  opacity: 1;\n  background-color: #0079CD;\n  border-color: white;\n}\n.stick-dots .slick-dots li button:before{\n\topacity: 0;\n}\n.stick-dots .slick-dots li.slick-active button {\n  background-color: #0079CD;\n  border-color: white;\n}\n.stick-dots .slick-dots li.slick-active button:hover,\n.stick-dots .slick-dots li.slick-active button:focus {\n  opacity: 1;\n}\n\/* \/\/\/\/\/\/\/\/\/\/\/ IMAGE ZOOM \/\/\/\/\/\/\/\/\/\/\/ *\/\n@-webkit-keyframes zoomInImage {\n  from {\n    -webkit-transform: scale3d(1, 1, 1);\n            transform: scale3d(1, 1, 1);\n  }\n  to {\n    -webkit-transform: scale3d(1.1, 1.1, 1.1);\n            transform: scale3d(1.1, 1.1, 1.1);\n  }\n}\n@keyframes zoomInImage {\n  from {\n    -webkit-transform: scale3d(1, 1, 1);\n            transform: scale3d(1, 1, 1);\n  }\n  to {\n    -webkit-transform: scale3d(1.1, 1.1, 1.1);\n            transform: scale3d(1.1, 1.1, 1.1);\n  }\n}\n.zoomInImage {\n  -webkit-animation-name: zoomInImage;\n          animation-name: zoomInImage;\n}\n@-webkit-keyframes zoomOutImage {\n  from {\n    -webkit-transform: scale3d(1.1, 1.1, 1.1);\n            transform: scale3d(1.1, 1.1, 1.1);\n  }\n  to {\n    -webkit-transform: scale3d(1, 1, 1);\n            transform: scale3d(1, 1, 1);\n  }\n}\n@keyframes zoomOutImage {\n  from {\n    -webkit-transform: scale3d(1.1, 1.1, 1.1);\n            transform: scale3d(1.1, 1.1, 1.1);\n  }\n  to {\n    -webkit-transform: scale3d(1, 1, 1);\n            transform: scale3d(1, 1, 1);\n  }\n}\n.zoomOutImage {\n  -webkit-animation-name: zoomOutImage;\n          animation-name: zoomOutImage;\n}\n\n\n\n\n@media (max-width: 781px) {\n .slider,\n  .slide {\n    height: 500px;\n  }\n}\n\n@media (max-width: 421px) {\n .slider,\n  .slide {\n    height: 500px;\n  }\n}\n\n<\/style>\n\n\t\t\t<div class=\"slider stick-dots\" style=\"direction:ltr;\">\n     <a style=\"height:800px\" href=\"\">\n\n  <div class=\"slide\" style=\"background-image:url(https:\/\/www.axes.com.pl\/wp-content\/uploads\/2020\/10\/O_nas.jpg);background-size:cover;background-position:center center;\">\n\n        <div class=\"slide__content\" style=\"position:relative; z-index:100;\">\n          \n          <div class=\"slide__content--headings light full\" style=\"direction:ltr;\">\n            \n             <h2 class=\"\"><span  class=\"uc_style_simple_slider_elementor_uc_items_attribute_title\" style=\"color:#FFFFFF;\">Axes System<\/span><\/h2>\n             <p class=\"\"><span  class=\"uc_style_simple_slider_elementor_uc_items_attribute_subtitle\" style=\"color:#FFFFFF;color: #ffffff !important;\">Od 1996 projektujemy, dostarczamy i wdra\u017camy profesjonalne systemy dla warsztat\u00f3w samochodowych, rzeczoznawc\u00f3w, likwidator\u00f3w szk\u00f3d, ubezpieczycieli, firm z sektor\u00f3w przemys\u0142owych, medycznych i s\u0142u\u017cb mundurowych.<\/span><\/p>\n             <i class=\"\"><\/i>\n           \n          <\/div>\n        <\/div>\n  <\/div>\n<div class=\"bacgroundSlide\"  >\n<\/div>\n<\/a>\n\n<\/div>\n\t\t\t<!-- end Simple Slider -->\t\t<\/div>\n\t\t\t\t<\/div>\n\t\t\t\t<div class=\"elementor-element elementor-element-9c20585 elementor-widget-divider--view-line elementor-widget elementor-widget-divider\" data-id=\"9c20585\" data-element_type=\"widget\" data-widget_type=\"divider.default\">\n\t\t\t\t<div class=\"elementor-widget-container\">\n\t\t\t\t\t<div class=\"elementor-divider\">\n\t\t\t<span class=\"elementor-divider-separator\">\n\t\t\t\t\t\t<\/span>\n\t\t<\/div>\n\t\t\t\t<\/div>\n\t\t\t\t<\/div>\n\t\t\t\t\t\t<\/div>\n\t\t\t\t\t<\/div>\n\t\t<\/div>\n\t\t\t\t\t\t\t\t<\/div>\n\t\t\t\t\t<\/div>\n\t\t<\/section>\n\t\t\t\t<section class=\"elementor-section elementor-top-section elementor-element elementor-element-2003bee elementor-section-boxed elementor-section-height-default elementor-section-height-default\" data-id=\"2003bee\" data-element_type=\"section\" data-settings=\"{&quot;ekit_has_onepagescroll_dot&quot;:&quot;yes&quot;}\">\n\t\t\t\t\t\t<div class=\"elementor-container elementor-column-gap-default\">\n\t\t\t\t\t\t\t<div class=\"elementor-row\">\n\t\t\t\t\t<div class=\"elementor-column elementor-col-100 elementor-top-column elementor-element elementor-element-14ceaae\" data-id=\"14ceaae\" data-element_type=\"column\">\n\t\t\t<div class=\"elementor-column-wrap elementor-element-populated\">\n\t\t\t\t\t\t\t<div class=\"elementor-widget-wrap\">\n\t\t\t\t\t\t<div class=\"elementor-element elementor-element-325430b elementor-widget elementor-widget-heading\" data-id=\"325430b\" data-element_type=\"widget\" data-widget_type=\"heading.default\">\n\t\t\t\t<div class=\"elementor-widget-container\">\n\t\t\t<h4 class=\"elementor-heading-title elementor-size-default\"> Historia firmy <\/h4>\t\t<\/div>\n\t\t\t\t<\/div>\n\t\t\t\t<div class=\"elementor-element elementor-element-4b42288 elementor-widget elementor-widget-heading\" data-id=\"4b42288\" data-element_type=\"widget\" data-widget_type=\"heading.default\">\n\t\t\t\t<div class=\"elementor-widget-container\">\n\t\t\t<h2 class=\"elementor-heading-title elementor-size-default\">Najwa\u017cniejsze daty w historii firmy:<\/h2>\t\t<\/div>\n\t\t\t\t<\/div>\n\t\t\t\t<div class=\"elementor-element elementor-element-6fc11a5 elementor-widget-divider--view-line elementor-widget elementor-widget-divider\" data-id=\"6fc11a5\" data-element_type=\"widget\" data-widget_type=\"divider.default\">\n\t\t\t\t<div class=\"elementor-widget-container\">\n\t\t\t\t\t<div class=\"elementor-divider\">\n\t\t\t<span class=\"elementor-divider-separator\">\n\t\t\t\t\t\t<\/span>\n\t\t<\/div>\n\t\t\t\t<\/div>\n\t\t\t\t<\/div>\n\t\t\t\t<div class=\"elementor-element elementor-element-266f418 elementor-widget elementor-widget-ucaddon_blox_alternating_classic_pointer_timeline\" data-id=\"266f418\" data-element_type=\"widget\" data-widget_type=\"ucaddon_blox_alternating_classic_pointer_timeline.default\">\n\t\t\t\t<div class=\"elementor-widget-container\">\n\t\t\t<!-- start Alternating Timeline -->\n\t\t<link id='uc_ac_assets_file_blox_alternating_classic_pointer_timeline_css_3438-css' href='https:\/\/www.axes.com.pl\/wp-content\/uploads\/ac_assets\/blox_alternating_classic_pointer_timeline\/blox-alternating-classic-pointer-timeline.css' type='text\/css' rel='stylesheet' >\n\n\n\t\t\t<ul class=\"blox-alternating-classic-pointer-timeline\">\n    \t<li>\n        \t<div class=\"blox-wrapper\" style=\"background-color:#eeeeee;text-align:left; direction:ltr;\">\n            \t<span class=\"blox-dote\" style=\"background-color:#0079CD;\"><\/span>\n                <div class=\"blox-heading\">1996<\/div>\t\n                <div class=\"blox-content\">Za\u0142o\u017cenie Axes System. Pocz\u0105tkowo firma oferowa\u0142a us\u0142ugi z zakresu radiokomunikacji.<\/div>\n            <\/div>\n<\/li>\n<li>\n        \t<div class=\"blox-wrapper\" style=\"background-color:#eeeeee;text-align:left; direction:ltr;\">\n            \t<span class=\"blox-dote\" style=\"background-color:#0079CD;\"><\/span>\n                <div class=\"blox-heading\">1997<\/div>\t\n                <div class=\"blox-content\">Nawi\u0105zanie wsp\u00f3\u0142pracy z firm\u0105 Motorola.<\/div>\n            <\/div>\n<\/li>\n<li>\n        \t<div class=\"blox-wrapper\" style=\"background-color:#eeeeee;text-align:left; direction:ltr;\">\n            \t<span class=\"blox-dote\" style=\"background-color:#0079CD;\"><\/span>\n                <div class=\"blox-heading\">1998<\/div>\t\n                <div class=\"blox-content\">Opracowanie w\u0142asnego terminala przywo\u0142awczego do system\u00f3w pagingowych u\u017cywanych m.in. przez s\u0142u\u017cb\u0119 zdrowia oraz stra\u017c po\u017carn\u0105.<\/div>\n            <\/div>\n<\/li>\n<li>\n        \t<div class=\"blox-wrapper\" style=\"background-color:#eeeeee;text-align:left; direction:ltr;\">\n            \t<span class=\"blox-dote\" style=\"background-color:#0079CD;\"><\/span>\n                <div class=\"blox-heading\">1999<\/div>\t\n                <div class=\"blox-content\">Nawi\u0105zanie wsp\u00f3\u0142pracy<br> z firm\u0105 Kenwood oaz RST z Australii -  producenta kontroler\u00f3w radiokomunikacyjnych.  Opracowanie systemu przemiennik\u00f3w <br>do system\u00f3w trunkingowych u\u017cywanych m.in. przez energetyk\u0119.<\/div>\n            <\/div>\n<\/li>\n<li>\n        \t<div class=\"blox-wrapper\" style=\"background-color:#eeeeee;text-align:left; direction:ltr;\">\n            \t<span class=\"blox-dote\" style=\"background-color:#0079CD;\"><\/span>\n                <div class=\"blox-heading\">2000<\/div>\t\n                <div class=\"blox-content\">Rozpocz\u0119cie pracy nad autorskim, nowoczesnym systemem diagnostycznym samochod\u00f3w osobowych o nazwie CDIF.<\/div>\n            <\/div>\n<\/li>\n<li>\n        \t<div class=\"blox-wrapper\" style=\"background-color:#eeeeee;text-align:left; direction:ltr;\">\n            \t<span class=\"blox-dote\" style=\"background-color:#0079CD;\"><\/span>\n                <div class=\"blox-heading\">2002<\/div>\t\n                <div class=\"blox-content\">Nawi\u0105zanie wsp\u00f3\u0142pracy z firm\u0105 Radial - producentem anten i osprz\u0119tu radiokomunikacyjnego.<\/div>\n            <\/div>\n<\/li>\n<li>\n        \t<div class=\"blox-wrapper\" style=\"background-color:#eeeeee;text-align:left; direction:ltr;\">\n            \t<span class=\"blox-dote\" style=\"background-color:#0079CD;\"><\/span>\n                <div class=\"blox-heading\">2003<\/div>\t\n                <div class=\"blox-content\">Na polskim rynku pojawia si\u0119 System Diagnostyczny CDIF\/2.<\/div>\n            <\/div>\n<\/li>\n<li>\n        \t<div class=\"blox-wrapper\" style=\"background-color:#eeeeee;text-align:left; direction:ltr;\">\n            \t<span class=\"blox-dote\" style=\"background-color:#0079CD;\"><\/span>\n                <div class=\"blox-heading\"> 2005<\/div>\t\n                <div class=\"blox-content\">CDIF\/2 zdobywa z\u0142oty medal Mi\u0119dzynarodowych Targ\u00f3w Katowickich.<\/div>\n            <\/div>\n<\/li>\n<li>\n        \t<div class=\"blox-wrapper\" style=\"background-color:#eeeeee;text-align:left; direction:ltr;\">\n            \t<span class=\"blox-dote\" style=\"background-color:#0079CD;\"><\/span>\n                <div class=\"blox-heading\">2007<\/div>\t\n                <div class=\"blox-content\">CDIF\/2 zdobywa z\u0142oty medal Mi\u0119dzynarodowych Targ\u00f3w Pozna\u0144skich.<\/div>\n            <\/div>\n<\/li>\n<li>\n        \t<div class=\"blox-wrapper\" style=\"background-color:#eeeeee;text-align:left; direction:ltr;\">\n            \t<span class=\"blox-dote\" style=\"background-color:#0079CD;\"><\/span>\n                <div class=\"blox-heading\">2008<\/div>\t\n                <div class=\"blox-content\">CDIF\/2 zdobywa nagrod\u0119 czytelnik\u00f3w czasopisma autoEXPERT.<\/div>\n            <\/div>\n<\/li>\n<li>\n        \t<div class=\"blox-wrapper\" style=\"background-color:#eeeeee;text-align:left; direction:ltr;\">\n            \t<span class=\"blox-dote\" style=\"background-color:#0079CD;\"><\/span>\n                <div class=\"blox-heading\">2012<\/div>\t\n                <div class=\"blox-content\">Pierwsze prace nad systemem automatyki domowej i przemys\u0142owej.<\/div>\n            <\/div>\n<\/li>\n<li>\n        \t<div class=\"blox-wrapper\" style=\"background-color:#eeeeee;text-align:left; direction:ltr;\">\n            \t<span class=\"blox-dote\" style=\"background-color:#0079CD;\"><\/span>\n                <div class=\"blox-heading\">2013<\/div>\t\n                <div class=\"blox-content\">Premiera nowego Systemu Diagnostycznego CDIF\/3.<\/div>\n            <\/div>\n<\/li>\n<li>\n        \t<div class=\"blox-wrapper\" style=\"background-color:#eeeeee;text-align:left; direction:ltr;\">\n            \t<span class=\"blox-dote\" style=\"background-color:#0079CD;\"><\/span>\n                <div class=\"blox-heading\">2014<\/div>\t\n                <div class=\"blox-content\">CDIF\/3 otrzymuje Z\u0142oty Medal Mi\u0119dzynarodowych Targ\u00f3w Pozna\u0144skich. \n<br><br>\nCDIF\/3 otrzymuje nagrod\u0119, a&nbsp;CDIF\/3 Expert wyr\u00f3\u017cnienie w&nbsp;kategorii Produkt Roku czasopisma autoEXPERT.<\/div>\n            <\/div>\n<\/li>\n<li>\n        \t<div class=\"blox-wrapper\" style=\"background-color:#eeeeee;text-align:left; direction:ltr;\">\n            \t<span class=\"blox-dote\" style=\"background-color:#0079CD;\"><\/span>\n                <div class=\"blox-heading\">2015<\/div>\t\n                <div class=\"blox-content\">Firma Axes System otrzymuje nagrod\u0119 II Kongresu Ekspert\u00f3w Samochodowych w&nbsp;kategorii Innowacyjno\u015b\u0107 procesowa za System Diagnostyczny CDIF\/3.<\/div>\n            <\/div>\n<\/li>\n<li>\n        \t<div class=\"blox-wrapper\" style=\"background-color:#eeeeee;text-align:left; direction:ltr;\">\n            \t<span class=\"blox-dote\" style=\"background-color:#0079CD;\"><\/span>\n                <div class=\"blox-heading\">2018<\/div>\t\n                <div class=\"blox-content\">Premiera nowego Systemu Diagnostycznego NEX. W&nbsp;tym samym roku NEX otrzymuje nagrod\u0119 Produktu Roku czasopisma autoEXPERT.\n<br><br>\nFirma Axes System zajmuje pierwsze miejsce w kategorii ma\u0142ych firm w&nbsp;konkursie \u201eKr\u0119\u0107 kilometry dla Gda\u0144ska\".<\/div>\n            <\/div>\n<\/li>\n<li>\n        \t<div class=\"blox-wrapper\" style=\"background-color:#eeeeee;text-align:left; direction:ltr;\">\n            \t<span class=\"blox-dote\" style=\"background-color:#0079CD;\"><\/span>\n                <div class=\"blox-heading\">2019<\/div>\t\n                <div class=\"blox-content\">Firma Axes System otrzymuje nagrod\u0119 VI Kongresu Ekspert\u00f3w Samochodowych w&nbsp;kategorii innowacyjno\u015b\u0107 procesowa za System CDIF\/3-R (p\u00f3\u017aniej jako System Axes&nbsp;ADW).\n<br><br>\nFirma Axes System jako pierwsza w Polsce uzyskuje z\u0142oty poziom certyfikatu Pracodawcy Przyjaznego Rowerzystom.<\/div>\n            <\/div>\n<\/li>\n<li>\n        \t<div class=\"blox-wrapper\" style=\"background-color:#eeeeee;text-align:left; direction:ltr;\">\n            \t<span class=\"blox-dote\" style=\"background-color:#0079CD;\"><\/span>\n                <div class=\"blox-heading\">2020<\/div>\t\n                <div class=\"blox-content\">Premiera nowego Systemu Axes ADW -  stworzonego specjalnie na potrzeby tych, kt\u00f3rzy w&nbsp;codziennej pracy wykonuj\u0105 ekspertyz\u0119 stanu technicznego pojazd\u00f3w samochodowych.<\/div>\n            <\/div>\n<\/li>\n<li>\n        \t<div class=\"blox-wrapper\" style=\"background-color:#eeeeee;text-align:left; direction:ltr;\">\n            \t<span class=\"blox-dote\" style=\"background-color:#0079CD;\"><\/span>\n                <div class=\"blox-heading\">2021<\/div>\t\n                <div class=\"blox-content\">Pierwsze wydanie\nksi\u0105\u017cki autorstwa\ndr in\u017c. Piotra Wr\u00f3blewskiego<br>\npt. \"Diagnozowanie i naprawa elektrycznego\ni elektronicznego wyposa\u017cenia pojazd\u00f3w samochodowych\"\n<\/div>\n            <\/div>\n<\/li>\n<li>\n        \t<div class=\"blox-wrapper\" style=\"background-color:#eeeeee;text-align:left; direction:ltr;\">\n            \t<span class=\"blox-dote\" style=\"background-color:#0079CD;\"><\/span>\n                <div class=\"blox-heading\">2021<\/div>\t\n                <div class=\"blox-content\">\n\nPodpisanie umowy z Uczelni\u0105 Techniczno-Handlow\u0105 <br>w Warszawie na prowadzenie wyk\u0142ad\u00f3w dla  student\u00f3w<br> kierunku Transport w roku akademickim 2021\/2022<br> pt.: \"Diagnostyka pojazd\u00f3w i analiza danych wypadkowych na podstawie odczyt\u00f3w elektronicznych system\u00f3w pok\u0142adowych<a href=\"\/?page_id=3640\"><i  class=\"far fa-arrow-alt-circle-right\" style=\"margin-left:10px\"><\/i><\/a><\/div>\n            <\/div>\n<\/li>\n<li>\n        \t<div class=\"blox-wrapper\" style=\"background-color:#eeeeee;text-align:left; direction:ltr;\">\n            \t<span class=\"blox-dote\" style=\"background-color:#0079CD;\"><\/span>\n                <div class=\"blox-heading\">2023<\/div>\t\n                <div class=\"blox-content\">20-lecie system\u00f3w diagnostycznych CDIF na polskim rynku! <\/div>\n            <\/div>\n<\/li>\n\n<\/ul>\n\t\t\t<!-- end Alternating Timeline -->\t\t<\/div>\n\t\t\t\t<\/div>\n\t\t\t\t\t\t<\/div>\n\t\t\t\t\t<\/div>\n\t\t<\/div>\n\t\t\t\t\t\t\t\t<\/div>\n\t\t\t\t\t<\/div>\n\t\t<\/section>\n\t\t\t\t\t\t<\/div>\n\t\t\t\t\t\t<\/div>\n\t\t\t\t\t<\/div>\n\t\t","protected":false},"excerpt":{"rendered":"<p>Axes System Od 1996 projektujemy, dostarczamy i wdra\u017camy profesjonalne systemy dla warsztat\u00f3w samochodowych, rzeczoznawc\u00f3w, likwidator\u00f3w szk\u00f3d, ubezpieczycieli, firm z sektor\u00f3w przemys\u0142owych, medycznych i s\u0142u\u017cb mundurowych. Historia firmy Najwa\u017cniejsze daty w historii firmy: 1996 Za\u0142o\u017cenie Axes System. Pocz\u0105tkowo firma oferowa\u0142a us\u0142ugi z zakresu radiokomunikacji. 1997 Nawi\u0105zanie wsp\u00f3\u0142pracy z firm\u0105 Motorola. 1998 Opracowanie w\u0142asnego terminala przywo\u0142awczego do [&hellip;]<\/p>\n","protected":false},"author":39,"featured_media":0,"parent":0,"menu_order":0,"comment_status":"closed","ping_status":"closed","template":"elementor_header_footer","meta":[],"_links":{"self":[{"href":"https:\/\/www.axes.com.pl\/index.php?rest_route=\/wp\/v2\/pages\/285"}],"collection":[{"href":"https:\/\/www.axes.com.pl\/index.php?rest_route=\/wp\/v2\/pages"}],"about":[{"href":"https:\/\/www.axes.com.pl\/index.php?rest_route=\/wp\/v2\/types\/page"}],"author":[{"embeddable":true,"href":"https:\/\/www.axes.com.pl\/index.php?rest_route=\/wp\/v2\/users\/39"}],"replies":[{"embeddable":true,"href":"https:\/\/www.axes.com.pl\/index.php?rest_route=%2Fwp%2Fv2%2Fcomments&post=285"}],"version-history":[{"count":84,"href":"https:\/\/www.axes.com.pl\/index.php?rest_route=\/wp\/v2\/pages\/285\/revisions"}],"predecessor-version":[{"id":4293,"href":"https:\/\/www.axes.com.pl\/index.php?rest_route=\/wp\/v2\/pages\/285\/revisions\/4293"}],"wp:attachment":[{"href":"https:\/\/www.axes.com.pl\/index.php?rest_route=%2Fwp%2Fv2%2Fmedia&parent=285"}],"curies":[{"name":"wp","href":"https:\/\/api.w.org\/{rel}","templated":true}]}}