{"id":2675,"date":"2020-10-22T12:31:19","date_gmt":"2020-10-22T10:31:19","guid":{"rendered":"http:\/\/www.axes.intralia\/1\/?page_id=2675"},"modified":"2024-07-01T10:27:02","modified_gmt":"2024-07-01T08:27:02","slug":"media","status":"publish","type":"page","link":"https:\/\/www.axes.com.pl\/?page_id=2675","title":{"rendered":"Media"},"content":{"rendered":"\t\t<div data-elementor-type=\"wp-page\" data-elementor-id=\"2675\" class=\"elementor elementor-2675\" data-elementor-settings=\"[]\">\n\t\t\t\t\t\t<div class=\"elementor-inner\">\n\t\t\t\t\t\t\t<div class=\"elementor-section-wrap\">\n\t\t\t\t\t\t\t<section class=\"elementor-section elementor-top-section elementor-element elementor-element-e0e9335 elementor-hidden-desktop elementor-hidden-tablet elementor-hidden-phone elementor-section-boxed elementor-section-height-default elementor-section-height-default\" data-id=\"e0e9335\" data-element_type=\"section\" data-settings=\"{&quot;ekit_has_onepagescroll_dot&quot;:&quot;yes&quot;}\">\n\t\t\t\t\t\t<div class=\"elementor-container elementor-column-gap-default\">\n\t\t\t\t\t\t\t<div class=\"elementor-row\">\n\t\t\t\t\t<div class=\"elementor-column elementor-col-100 elementor-top-column elementor-element elementor-element-6db4b04\" data-id=\"6db4b04\" data-element_type=\"column\">\n\t\t\t<div class=\"elementor-column-wrap elementor-element-populated\">\n\t\t\t\t\t\t\t<div class=\"elementor-widget-wrap\">\n\t\t\t\t\t\t\t\t<\/div>\n\t\t\t\t\t<\/div>\n\t\t<\/div>\n\t\t\t\t\t\t\t\t<\/div>\n\t\t\t\t\t<\/div>\n\t\t<\/section>\n\t\t\t\t<section class=\"elementor-section elementor-top-section elementor-element elementor-element-6f03ee1 elementor-section-stretched elementor-section-full_width elementor-hidden-desktop elementor-hidden-tablet elementor-hidden-phone elementor-section-height-default elementor-section-height-default\" data-id=\"6f03ee1\" data-element_type=\"section\" data-settings=\"{&quot;stretch_section&quot;:&quot;section-stretched&quot;,&quot;ekit_has_onepagescroll_dot&quot;:&quot;yes&quot;}\">\n\t\t\t\t\t\t<div class=\"elementor-container elementor-column-gap-default\">\n\t\t\t\t\t\t\t<div class=\"elementor-row\">\n\t\t\t\t\t<div class=\"elementor-column elementor-col-100 elementor-top-column elementor-element elementor-element-6c12969\" data-id=\"6c12969\" data-element_type=\"column\">\n\t\t\t<div class=\"elementor-column-wrap elementor-element-populated\">\n\t\t\t\t\t\t\t<div class=\"elementor-widget-wrap\">\n\t\t\t\t\t\t<div class=\"elementor-element elementor-element-08777f4 elementor-widget__width-inherit animated-slow elementor-invisible elementor-widget elementor-widget-ucaddon_simple_slider\" data-id=\"08777f4\" data-element_type=\"widget\" data-settings=\"{&quot;_animation&quot;:&quot;fadeIn&quot;}\" data-widget_type=\"ucaddon_simple_slider.default\">\n\t\t\t\t<div class=\"elementor-widget-container\">\n\t\t\t<!-- start Simple Slider -->\n\t\t<link id='uc_cdn_jsdelivr_net_jquery_slick_1_6_0_slick_css-css' href='https:\/\/cdn.jsdelivr.net\/jquery.slick\/1.6.0\/slick.css' type='text\/css' rel='stylesheet' >\n\t\t<link id='uc_cdnjs_cloudflare_com_ajax_libs_animate_css_3_5_2_animate_min_css-css' href='https:\/\/cdnjs.cloudflare.com\/ajax\/libs\/animate.css\/3.5.2\/animate.min.css' type='text\/css' rel='stylesheet' >\n\n\t\t\t<style type=\"text\/css\">\/* widget: Simple Slider *\/\n\n.slider,\n  .slide {\n    height: 800px;\n  }\n\n\n\n.slide {\n  position: relative;\n}\n\n.slide .slide__img {\n  width: 100%;\n  height: auto;\n  overflow: hidden;\n}\n\n@media (min-width: 992px) {\n  .slide .slide__img {\n    position: absolute;\n    top: 50%;\n    left: 0;\n    -webkit-transform: translateY(-50%);\n            transform: translateY(-50%);\n  }\n  .slide .slide__content {\n  position: absolute;\n  top: 50%;\n  left: 50%;\n  -webkit-transform: translate(-50%, -50%);\n          transform: translate(-50%, -50%);\n}\n}\n.slide .slide__img img {\n  max-width: 100%;\n  height: auto;\n  opacity: 1 !important;\n  -webkit-animation-duration: 4s;\n          animation-duration: 4s;\n  transition: all 1s ease;\n}\n.slide .slide__content {\n  position: absolute;\n  top: 50%;\n  left: 50%;\n  -webkit-transform: translate(-50%, -50%);\n          transform: translate(-50%, -50%);\n}\n.slide .slide__content--headings {\n  \/* text-align: center; *\/\n  margin: auto;\n  padding-left: 20px;\n  width: 100%;\n  max-width: 1140px;\n  color: #FFF;\n}\n\n.slide .slide__content--headings.light{\n  color: #0079CD; \n}\n.slide .slide__content--headings h2{\n  width: 50%;\n  max-width: 570px;\n}\n\n@media (max-width: 781px) {\n  .slide .slide__content--headings h2{\n    line-height: 0.8em;\n    width: 75%;\n  }\n}\n.slide .slide__content--headings p{\n  width: 50%;\n  width: 75%;\n  max-width: 570px;\n}\n\n.slide .slide__content--headings.light .uc_style_simple_slider_elementor_uc_items_attribute_subtitle{\n  color: #2E2D2C !important; \n}\n\n.slide .slide__content--headings h2 {\n  font-size: 4.5rem;\n  margin: 10px 0;\n}\n.slide .slide__content--headings .animated {\n  transition: all 0.5s ease;\n}\n\n.slide .slide__content--headings i{\n  text-align: right;\n  width: 50%;\n  font-size: 3rem;\n}\n\n.slider [data-animation-in] {\n  opacity: 0;\n  -webkit-animation-duration: 0.4s;\n          animation-duration: 0.4s;\n  transition: opacity 0.8s ease 0.4s;\n}\n.slick-dotted .slick-slider {\n  margin-bottom: 30px;\n}\n.slick-dots {\n  position: absolute;\n  bottom: 25px;\n  list-style: none;\n  display: block;\n  text-align: center;\n  padding: 0;\n  margin: 0;\n  width: 100%;\n}\n.slick-dots li {\n  position: relative;\n  display: inline-block;\n  margin: 0 15px;\n  padding: 0;\n  cursor: pointer;\n}\n.slick-dots li button {\n  border: 0;\n  display: block;\n  outline: none;\n  line-height: 0px;\n  font-size: 0px;\n  color: transparent;\n  padding: 5px;\n  cursor: pointer;\n  transition: all 0.01s ease;\n}\n.slick-dots li button:hover,\n.slick-dots li button:focus {\n  outline: none;\n}\n.simple-dots .slick-dots li {\n  width: 20px;\n  height: 20px;\n}\n.simple-dots .slick-dots li button {\n  border-radius: 50%;\n  background-color: white;\n  opacity: 0.25;\n  width: 20px;\n  height: 20px;\n}\n.simple-dots .slick-dots li button:hover,\n.simple-dots .slick-dots li button:focus {\n  opacity: 1;\n}\n.simple-dots .slick-dots li.slick-active button {\n  color: white;\n  opacity: 0.75;\n}\n.stick-dots .slick-dots li {\n  height: 3px;\n  width: 50px;\n}\n.stick-dots .slick-dots li button {\n  position: relative;\n  background-color: white;\n  width: 25px;\n  height: 25px;\n  border-radius: 20px;\n  border: 3px solid #0079CD;\n  padding: 0;\n}\n.stick-dots .slick-dots li button:hover,\n.stick-dots .slick-dots li button:focus {\n  opacity: 1;\n  background-color: #0079CD;\n  border-color: white;\n}\n.stick-dots .slick-dots li button:before{\n\topacity: 0;\n}\n.stick-dots .slick-dots li.slick-active button {\n  background-color: #0079CD;\n  border-color: white;\n}\n.stick-dots .slick-dots li.slick-active button:hover,\n.stick-dots .slick-dots li.slick-active button:focus {\n  opacity: 1;\n}\n\/* \/\/\/\/\/\/\/\/\/\/\/ IMAGE ZOOM \/\/\/\/\/\/\/\/\/\/\/ *\/\n@-webkit-keyframes zoomInImage {\n  from {\n    -webkit-transform: scale3d(1, 1, 1);\n            transform: scale3d(1, 1, 1);\n  }\n  to {\n    -webkit-transform: scale3d(1.1, 1.1, 1.1);\n            transform: scale3d(1.1, 1.1, 1.1);\n  }\n}\n@keyframes zoomInImage {\n  from {\n    -webkit-transform: scale3d(1, 1, 1);\n            transform: scale3d(1, 1, 1);\n  }\n  to {\n    -webkit-transform: scale3d(1.1, 1.1, 1.1);\n            transform: scale3d(1.1, 1.1, 1.1);\n  }\n}\n.zoomInImage {\n  -webkit-animation-name: zoomInImage;\n          animation-name: zoomInImage;\n}\n@-webkit-keyframes zoomOutImage {\n  from {\n    -webkit-transform: scale3d(1.1, 1.1, 1.1);\n            transform: scale3d(1.1, 1.1, 1.1);\n  }\n  to {\n    -webkit-transform: scale3d(1, 1, 1);\n            transform: scale3d(1, 1, 1);\n  }\n}\n@keyframes zoomOutImage {\n  from {\n    -webkit-transform: scale3d(1.1, 1.1, 1.1);\n            transform: scale3d(1.1, 1.1, 1.1);\n  }\n  to {\n    -webkit-transform: scale3d(1, 1, 1);\n            transform: scale3d(1, 1, 1);\n  }\n}\n.zoomOutImage {\n  -webkit-animation-name: zoomOutImage;\n          animation-name: zoomOutImage;\n}\n\n\n\n\n@media (max-width: 781px) {\n .slider,\n  .slide {\n    height: 500px;\n  }\n}\n\n@media (max-width: 421px) {\n .slider,\n  .slide {\n    height: 500px;\n  }\n}\n\n<\/style>\n\n\t\t\t<div class=\"slider stick-dots\" style=\"direction:ltr;\">\n     <a style=\"height:800px\" href=\"http:\/\/www.axes.com.pl\/?page_id=1165\">\n\n  <div class=\"slide\" style=\"background-image:url(https:\/\/www.axes.com.pl\/wp-content\/uploads\/2020\/10\/CDIF-1.jpg);background-size:cover;background-position:center center;\">\n\n        <div class=\"slide__content\" style=\"position:relative; z-index:100;\">\n          \n          <div class=\"slide__content--headings  full\" style=\"direction:ltr;\">\n            \n             <h2 class=\"\"><span  class=\"uc_style_simple_slider_elementor_uc_items_attribute_title\" style=\"color:#FFFFFF;position: relative;\">Urz\u0105dzenia elektroniczne dla Twojej firmy<\/span><\/h2>\n             <p class=\"\"><span  class=\"uc_style_simple_slider_elementor_uc_items_attribute_subtitle\" style=\"color:#FFFFFF;\">Wesprzyj sw\u00f3j warsztat dzi\u0119ki uniwersalnym systemom diagnostycznym dostosowanym do Twoich potrzeb!<\/span><\/p>\n             <i class=\"far fa-arrow-alt-circle-right\"><\/i>\n           \n          <\/div>\n        <\/div>\n  <\/div>\n<div class=\"bacgroundSlide\"  >\n<\/div>\n<\/a>\n<a style=\"height:800px\" href=\"http:\/\/www.axes.com.pl\/?page_id=2573\">\n\n  <div class=\"slide\" style=\"background-image:url(https:\/\/www.axes.com.pl\/wp-content\/uploads\/2020\/10\/Wymiana-scaled.jpg);background-size:cover;background-position:center center;\">\n\n        <div class=\"slide__content\" style=\"position:relative; z-index:100;\">\n          \n          <div class=\"slide__content--headings dark full\" style=\"direction:ltr;\">\n            \n             <h2 class=\"\"><span  class=\"uc_style_simple_slider_elementor_uc_items_attribute_title\" style=\"color:#FFFFFF;position: relative;\">Zmodernizuj sw\u00f3j warsztat z rabatem!<\/span><\/h2>\n             <p class=\"\"><span  class=\"uc_style_simple_slider_elementor_uc_items_attribute_subtitle\" style=\"color:#FFFFFF;\">System Diagnostyczny CDIF\/3, CDIF\/3 Expert lub NEX z rabatem za wymian\u0119 starego i nieu\u017cywanego testera.<\/span><\/p>\n             <i class=\"far fa-arrow-alt-circle-right\"><\/i>\n           \n          <\/div>\n        <\/div>\n  <\/div>\n<div class=\"bacgroundSlide\"  >\n<\/div>\n<\/a>\n\n<\/div>\n\t\t\t<!-- end Simple Slider -->\t\t<\/div>\n\t\t\t\t<\/div>\n\t\t\t\t<div class=\"elementor-element elementor-element-6f45548 elementor-widget-divider--view-line elementor-widget elementor-widget-divider\" data-id=\"6f45548\" data-element_type=\"widget\" data-widget_type=\"divider.default\">\n\t\t\t\t<div class=\"elementor-widget-container\">\n\t\t\t\t\t<div class=\"elementor-divider\">\n\t\t\t<span class=\"elementor-divider-separator\">\n\t\t\t\t\t\t<\/span>\n\t\t<\/div>\n\t\t\t\t<\/div>\n\t\t\t\t<\/div>\n\t\t\t\t\t\t<\/div>\n\t\t\t\t\t<\/div>\n\t\t<\/div>\n\t\t\t\t\t\t\t\t<\/div>\n\t\t\t\t\t<\/div>\n\t\t<\/section>\n\t\t\t\t<section class=\"elementor-section elementor-top-section elementor-element elementor-element-0a77db0 elementor-section-boxed elementor-section-height-default elementor-section-height-default\" data-id=\"0a77db0\" data-element_type=\"section\" data-settings=\"{&quot;ekit_has_onepagescroll_dot&quot;:&quot;yes&quot;}\">\n\t\t\t\t\t\t<div class=\"elementor-container elementor-column-gap-default\">\n\t\t\t\t\t\t\t<div class=\"elementor-row\">\n\t\t\t\t\t<div class=\"elementor-column elementor-col-100 elementor-top-column elementor-element elementor-element-ca8ad60\" data-id=\"ca8ad60\" data-element_type=\"column\">\n\t\t\t<div class=\"elementor-column-wrap elementor-element-populated\">\n\t\t\t\t\t\t\t<div class=\"elementor-widget-wrap\">\n\t\t\t\t\t\t<div class=\"elementor-element elementor-element-42d5a7d elementor-widget elementor-widget-spacer\" data-id=\"42d5a7d\" data-element_type=\"widget\" data-widget_type=\"spacer.default\">\n\t\t\t\t<div class=\"elementor-widget-container\">\n\t\t\t\t\t<div class=\"elementor-spacer\">\n\t\t\t<div class=\"elementor-spacer-inner\"><\/div>\n\t\t<\/div>\n\t\t\t\t<\/div>\n\t\t\t\t<\/div>\n\t\t\t\t<div class=\"elementor-element elementor-element-53554d8 elementor-widget elementor-widget-heading\" data-id=\"53554d8\" data-element_type=\"widget\" data-widget_type=\"heading.default\">\n\t\t\t\t<div class=\"elementor-widget-container\">\n\t\t\t<h4 class=\"elementor-heading-title elementor-size-default\">Katalog produkt\u00f3w<\/h4>\t\t<\/div>\n\t\t\t\t<\/div>\n\t\t\t\t<div class=\"elementor-element elementor-element-910ef2f elementor-hidden-desktop elementor-hidden-tablet elementor-hidden-phone elementor-widget elementor-widget-heading\" data-id=\"910ef2f\" data-element_type=\"widget\" data-widget_type=\"heading.default\">\n\t\t\t\t<div class=\"elementor-widget-container\">\n\t\t\t<h2 class=\"elementor-heading-title elementor-size-default\">w pigu\u0142ce<\/h2>\t\t<\/div>\n\t\t\t\t<\/div>\n\t\t\t\t<div class=\"elementor-element elementor-element-7c1a90b elementor-widget-divider--view-line elementor-widget elementor-widget-divider\" data-id=\"7c1a90b\" data-element_type=\"widget\" data-widget_type=\"divider.default\">\n\t\t\t\t<div class=\"elementor-widget-container\">\n\t\t\t\t\t<div class=\"elementor-divider\">\n\t\t\t<span class=\"elementor-divider-separator\">\n\t\t\t\t\t\t<\/span>\n\t\t<\/div>\n\t\t\t\t<\/div>\n\t\t\t\t<\/div>\n\t\t\t\t\t\t<\/div>\n\t\t\t\t\t<\/div>\n\t\t<\/div>\n\t\t\t\t\t\t\t\t<\/div>\n\t\t\t\t\t<\/div>\n\t\t<\/section>\n\t\t\t\t<section class=\"elementor-section elementor-top-section elementor-element elementor-element-8448997 elementor-hidden-desktop elementor-hidden-tablet elementor-hidden-phone elementor-section-boxed elementor-section-height-default elementor-section-height-default\" data-id=\"8448997\" data-element_type=\"section\" data-settings=\"{&quot;ekit_has_onepagescroll_dot&quot;:&quot;yes&quot;}\">\n\t\t\t\t\t\t<div class=\"elementor-container elementor-column-gap-default\">\n\t\t\t\t\t\t\t<div class=\"elementor-row\">\n\t\t\t\t\t<div class=\"elementor-column elementor-col-100 elementor-top-column elementor-element elementor-element-76848c2\" data-id=\"76848c2\" data-element_type=\"column\">\n\t\t\t<div class=\"elementor-column-wrap elementor-element-populated\">\n\t\t\t\t\t\t\t<div class=\"elementor-widget-wrap\">\n\t\t\t\t\t\t<div class=\"elementor-element elementor-element-2d75c0d elementor-widget elementor-widget-image\" data-id=\"2d75c0d\" data-element_type=\"widget\" data-widget_type=\"image.default\">\n\t\t\t\t<div class=\"elementor-widget-container\">\n\t\t\t\t\t<div class=\"elementor-image\">\n\t\t\t\t\t\t\t\t\t\t<img width=\"300\" height=\"300\" src=\"https:\/\/www.axes.com.pl\/wp-content\/uploads\/2024\/02\/catalogueUnderConstruction-300x300.png\" class=\"elementor-animation-grow attachment-medium size-medium\" alt=\"\" loading=\"lazy\" srcset=\"https:\/\/www.axes.com.pl\/wp-content\/uploads\/2024\/02\/catalogueUnderConstruction-300x300.png 300w, https:\/\/www.axes.com.pl\/wp-content\/uploads\/2024\/02\/catalogueUnderConstruction-150x150.png 150w, https:\/\/www.axes.com.pl\/wp-content\/uploads\/2024\/02\/catalogueUnderConstruction.png 630w\" sizes=\"(max-width: 300px) 100vw, 300px\" \/>\t\t\t\t\t\t\t\t\t\t\t<\/div>\n\t\t\t\t<\/div>\n\t\t\t\t<\/div>\n\t\t\t\t<div class=\"elementor-element elementor-element-8c8b330 elementor-widget elementor-widget-text-editor\" data-id=\"8c8b330\" data-element_type=\"widget\" data-widget_type=\"text-editor.default\">\n\t\t\t\t<div class=\"elementor-widget-container\">\n\t\t\t\t\t<div class=\"elementor-text-editor elementor-clearfix\"><p>Katalog produkt\u00f3w dost\u0119pny b\u0119dzie wkr\u00f3tce&#8230;<\/p><\/div>\n\t\t\t\t<\/div>\n\t\t\t\t<\/div>\n\t\t\t\t\t\t<\/div>\n\t\t\t\t\t<\/div>\n\t\t<\/div>\n\t\t\t\t\t\t\t\t<\/div>\n\t\t\t\t\t<\/div>\n\t\t<\/section>\n\t\t\t\t<section class=\"elementor-section elementor-top-section elementor-element elementor-element-1a64f9a elementor-section-boxed elementor-section-height-default elementor-section-height-default\" data-id=\"1a64f9a\" data-element_type=\"section\" data-settings=\"{&quot;ekit_has_onepagescroll_dot&quot;:&quot;yes&quot;}\">\n\t\t\t\t\t\t<div class=\"elementor-container elementor-column-gap-default\">\n\t\t\t\t\t\t\t<div class=\"elementor-row\">\n\t\t\t\t\t<div class=\"elementor-column elementor-col-100 elementor-top-column elementor-element elementor-element-f2a4866\" data-id=\"f2a4866\" data-element_type=\"column\">\n\t\t\t<div class=\"elementor-column-wrap elementor-element-populated\">\n\t\t\t\t\t\t\t<div class=\"elementor-widget-wrap\">\n\t\t\t\t\t\t<div class=\"elementor-element elementor-element-ebfb60b elementor-widget elementor-widget-image\" data-id=\"ebfb60b\" data-element_type=\"widget\" data-widget_type=\"image.default\">\n\t\t\t\t<div class=\"elementor-widget-container\">\n\t\t\t\t\t<div class=\"elementor-image\">\n\t\t\t\t\t\t\t\t\t\t\t<a href=\"https:\/\/www.cdif3.com\/media\/cennikfolder_PL_2024_w_v3.pdf\" target=\"_blank\">\n\t\t\t\t\t\t\t<img width=\"450\" height=\"400\" src=\"https:\/\/www.axes.com.pl\/wp-content\/uploads\/2020\/10\/media_folder.png\" class=\"elementor-animation-grow attachment-large size-large\" alt=\"\" loading=\"lazy\" srcset=\"https:\/\/www.axes.com.pl\/wp-content\/uploads\/2020\/10\/media_folder.png 450w, https:\/\/www.axes.com.pl\/wp-content\/uploads\/2020\/10\/media_folder-300x267.png 300w\" sizes=\"(max-width: 450px) 100vw, 450px\" \/>\t\t\t\t\t\t\t\t<\/a>\n\t\t\t\t\t\t\t\t\t\t\t<\/div>\n\t\t\t\t<\/div>\n\t\t\t\t<\/div>\n\t\t\t\t\t\t<\/div>\n\t\t\t\t\t<\/div>\n\t\t<\/div>\n\t\t\t\t<div class=\"elementor-column elementor-col-100 elementor-top-column elementor-element elementor-element-ad537fe\" data-id=\"ad537fe\" data-element_type=\"column\">\n\t\t\t<div class=\"elementor-column-wrap elementor-element-populated\">\n\t\t\t\t\t\t\t<div class=\"elementor-widget-wrap\">\n\t\t\t\t\t\t<div class=\"elementor-element elementor-element-55b1ae7 elementor-widget elementor-widget-image\" data-id=\"55b1ae7\" data-element_type=\"widget\" data-widget_type=\"image.default\">\n\t\t\t\t<div class=\"elementor-widget-container\">\n\t\t\t\t\t<div class=\"elementor-image\">\n\t\t\t\t\t\t\t\t\t\t<img src=\"https:\/\/www.axes.com.pl\/wp-content\/uploads\/2021\/03\/Flag_of_Poland.svg\" title=\"Flag_of_Poland\" alt=\"Flag_of_Poland\" \/>\t\t\t\t\t\t\t\t\t\t\t<\/div>\n\t\t\t\t<\/div>\n\t\t\t\t<\/div>\n\t\t\t\t<div class=\"elementor-element elementor-element-7b0aeb7 elementor-widget elementor-widget-elementskit-button\" data-id=\"7b0aeb7\" data-element_type=\"widget\" data-widget_type=\"elementskit-button.default\">\n\t\t\t\t<div class=\"elementor-widget-container\">\n\t\t\t<div class=\"ekit-wid-con\" >\t\t<div class=\"ekit-btn-wraper\">\n\t\t\t\t\t\t\t<a href=\"https:\/\/www.cdif3.com\/media\/cennikfolder_PL_2024_w_v3.pdf\" target=\"_blank\" rel=\"nofollow\" class=\"elementskit-btn \" >\n\t\t\t\t\tPobierz\n\t\t\t\t\t<i aria-hidden=\"true\" class=\"far fa-arrow-alt-circle-right\"><\/i>\n\t\t\t\t<\/a>\n\t\t\t\t\t\t<\/div>\n        <\/div>\t\t<\/div>\n\t\t\t\t<\/div>\n\t\t\t\t<div class=\"elementor-element elementor-element-eb0a47a elementor-hidden-desktop elementor-hidden-tablet elementor-hidden-phone elementor-widget elementor-widget-text-editor\" data-id=\"eb0a47a\" data-element_type=\"widget\" data-widget_type=\"text-editor.default\">\n\t\t\t\t<div class=\"elementor-widget-container\">\n\t\t\t\t\t<div class=\"elementor-text-editor elementor-clearfix\"><p style=\"text-align: left;\"><small>Data ostatniej aktualizacji:<br \/>25 pa\u017adziernik 2023<\/small><\/p><\/div>\n\t\t\t\t<\/div>\n\t\t\t\t<\/div>\n\t\t\t\t\t\t<\/div>\n\t\t\t\t\t<\/div>\n\t\t<\/div>\n\t\t\t\t\t\t\t\t<\/div>\n\t\t\t\t\t<\/div>\n\t\t<\/section>\n\t\t\t\t<section class=\"elementor-section elementor-top-section elementor-element elementor-element-976687e elementor-section-boxed elementor-section-height-default elementor-section-height-default\" data-id=\"976687e\" data-element_type=\"section\" data-settings=\"{&quot;ekit_has_onepagescroll_dot&quot;:&quot;yes&quot;}\">\n\t\t\t\t\t\t<div class=\"elementor-container elementor-column-gap-default\">\n\t\t\t\t\t\t\t<div class=\"elementor-row\">\n\t\t\t\t\t\t\t\t\t<\/div>\n\t\t\t\t\t<\/div>\n\t\t<\/section>\n\t\t\t\t\t\t<\/div>\n\t\t\t\t\t\t<\/div>\n\t\t\t\t\t<\/div>\n\t\t","protected":false},"excerpt":{"rendered":"<p>Urz\u0105dzenia elektroniczne dla Twojej firmy Wesprzyj sw\u00f3j warsztat dzi\u0119ki uniwersalnym systemom diagnostycznym dostosowanym do Twoich potrzeb! Zmodernizuj sw\u00f3j warsztat z rabatem! System Diagnostyczny CDIF\/3, CDIF\/3 Expert lub NEX z rabatem za wymian\u0119 starego i nieu\u017cywanego testera. Katalog produkt\u00f3w w pigu\u0142ce Katalog produkt\u00f3w dost\u0119pny b\u0119dzie wkr\u00f3tce&#8230; Pobierz Data ostatniej aktualizacji:25 pa\u017adziernik 2023<\/p>\n","protected":false},"author":39,"featured_media":0,"parent":0,"menu_order":0,"comment_status":"closed","ping_status":"closed","template":"elementor_header_footer","meta":[],"_links":{"self":[{"href":"https:\/\/www.axes.com.pl\/index.php?rest_route=\/wp\/v2\/pages\/2675"}],"collection":[{"href":"https:\/\/www.axes.com.pl\/index.php?rest_route=\/wp\/v2\/pages"}],"about":[{"href":"https:\/\/www.axes.com.pl\/index.php?rest_route=\/wp\/v2\/types\/page"}],"author":[{"embeddable":true,"href":"https:\/\/www.axes.com.pl\/index.php?rest_route=\/wp\/v2\/users\/39"}],"replies":[{"embeddable":true,"href":"https:\/\/www.axes.com.pl\/index.php?rest_route=%2Fwp%2Fv2%2Fcomments&post=2675"}],"version-history":[{"count":32,"href":"https:\/\/www.axes.com.pl\/index.php?rest_route=\/wp\/v2\/pages\/2675\/revisions"}],"predecessor-version":[{"id":4389,"href":"https:\/\/www.axes.com.pl\/index.php?rest_route=\/wp\/v2\/pages\/2675\/revisions\/4389"}],"wp:attachment":[{"href":"https:\/\/www.axes.com.pl\/index.php?rest_route=%2Fwp%2Fv2%2Fmedia&parent=2675"}],"curies":[{"name":"wp","href":"https:\/\/api.w.org\/{rel}","templated":true}]}}