{"id":166,"date":"2020-06-18T08:45:35","date_gmt":"2020-06-18T06:45:35","guid":{"rendered":"http:\/\/www.axes.intralia\/1\/?page_id=166"},"modified":"2023-07-10T14:32:10","modified_gmt":"2023-07-10T12:32:10","slug":"cookie-policy","status":"publish","type":"page","link":"https:\/\/www.axes.com.pl\/?page_id=166","title":{"rendered":"Cookie Policy"},"content":{"rendered":"\t\t<div data-elementor-type=\"wp-page\" data-elementor-id=\"166\" class=\"elementor elementor-166\" data-elementor-settings=\"[]\">\n\t\t\t\t\t\t<div class=\"elementor-inner\">\n\t\t\t\t\t\t\t<div class=\"elementor-section-wrap\">\n\t\t\t\t\t\t\t<section class=\"elementor-section elementor-top-section elementor-element elementor-element-cc9f5a1 elementor-section-stretched elementor-section-full_width elementor-section-height-default elementor-section-height-default\" data-id=\"cc9f5a1\" data-element_type=\"section\" data-settings=\"{&quot;stretch_section&quot;:&quot;section-stretched&quot;,&quot;ekit_has_onepagescroll_dot&quot;:&quot;yes&quot;}\">\n\t\t\t\t\t\t<div class=\"elementor-container elementor-column-gap-default\">\n\t\t\t\t\t\t\t<div class=\"elementor-row\">\n\t\t\t\t\t<div class=\"elementor-column elementor-col-100 elementor-top-column elementor-element elementor-element-b9f19d1\" data-id=\"b9f19d1\" data-element_type=\"column\">\n\t\t\t<div class=\"elementor-column-wrap elementor-element-populated\">\n\t\t\t\t\t\t\t<div class=\"elementor-widget-wrap\">\n\t\t\t\t\t\t<div class=\"elementor-element elementor-element-dd4a5a4 elementor-widget__width-inherit animated-fast elementor-hidden-phone elementor-invisible elementor-widget elementor-widget-ucaddon_simple_slider\" data-id=\"dd4a5a4\" data-element_type=\"widget\" data-settings=\"{&quot;_animation&quot;:&quot;fadeIn&quot;}\" data-widget_type=\"ucaddon_simple_slider.default\">\n\t\t\t\t<div class=\"elementor-widget-container\">\n\t\t\t<!-- start Simple Slider -->\n\t\t<link id='uc_cdn_jsdelivr_net_jquery_slick_1_6_0_slick_css-css' href='https:\/\/cdn.jsdelivr.net\/jquery.slick\/1.6.0\/slick.css' type='text\/css' rel='stylesheet' >\n\t\t<link id='uc_cdnjs_cloudflare_com_ajax_libs_animate_css_3_5_2_animate_min_css-css' href='https:\/\/cdnjs.cloudflare.com\/ajax\/libs\/animate.css\/3.5.2\/animate.min.css' type='text\/css' rel='stylesheet' >\n\n\t\t\t<style type=\"text\/css\">\/* widget: Simple Slider *\/\n\n.slider,\n  .slide {\n    height: 800px;\n  }\n\n\n\n.slide {\n  position: relative;\n}\n\n.slide .slide__img {\n  width: 100%;\n  height: auto;\n  overflow: hidden;\n}\n\n@media (min-width: 992px) {\n  .slide .slide__img {\n    position: absolute;\n    top: 50%;\n    left: 0;\n    -webkit-transform: translateY(-50%);\n            transform: translateY(-50%);\n  }\n  .slide .slide__content {\n  position: absolute;\n  top: 50%;\n  left: 50%;\n  -webkit-transform: translate(-50%, -50%);\n          transform: translate(-50%, -50%);\n}\n}\n.slide .slide__img img {\n  max-width: 100%;\n  height: auto;\n  opacity: 1 !important;\n  -webkit-animation-duration: 4s;\n          animation-duration: 4s;\n  transition: all 1s ease;\n}\n.slide .slide__content {\n  position: absolute;\n  top: 50%;\n  left: 50%;\n  -webkit-transform: translate(-50%, -50%);\n          transform: translate(-50%, -50%);\n}\n.slide .slide__content--headings {\n  \/* text-align: center; *\/\n  margin: auto;\n  padding-left: 20px;\n  width: 100%;\n  max-width: 1140px;\n  color: #FFF;\n}\n\n.slide .slide__content--headings.light{\n  color: #0079CD; \n}\n.slide .slide__content--headings h2{\n  width: 50%;\n  max-width: 570px;\n}\n\n@media (max-width: 781px) {\n  .slide .slide__content--headings h2{\n    line-height: 0.8em;\n    width: 75%;\n  }\n}\n.slide .slide__content--headings p{\n  width: 50%;\n  width: 75%;\n  max-width: 570px;\n}\n\n.slide .slide__content--headings.light .uc_style_simple_slider_elementor_uc_items_attribute_subtitle{\n  color: #2E2D2C !important; \n}\n\n.slide .slide__content--headings h2 {\n  font-size: 4.5rem;\n  margin: 10px 0;\n}\n.slide .slide__content--headings .animated {\n  transition: all 0.5s ease;\n}\n\n.slide .slide__content--headings i{\n  text-align: right;\n  width: 50%;\n  font-size: 3rem;\n}\n\n.slider [data-animation-in] {\n  opacity: 0;\n  -webkit-animation-duration: 0.4s;\n          animation-duration: 0.4s;\n  transition: opacity 0.8s ease 0.4s;\n}\n.slick-dotted .slick-slider {\n  margin-bottom: 30px;\n}\n.slick-dots {\n  position: absolute;\n  bottom: 25px;\n  list-style: none;\n  display: block;\n  text-align: center;\n  padding: 0;\n  margin: 0;\n  width: 100%;\n}\n.slick-dots li {\n  position: relative;\n  display: inline-block;\n  margin: 0 15px;\n  padding: 0;\n  cursor: pointer;\n}\n.slick-dots li button {\n  border: 0;\n  display: block;\n  outline: none;\n  line-height: 0px;\n  font-size: 0px;\n  color: transparent;\n  padding: 5px;\n  cursor: pointer;\n  transition: all 0.01s ease;\n}\n.slick-dots li button:hover,\n.slick-dots li button:focus {\n  outline: none;\n}\n.simple-dots .slick-dots li {\n  width: 20px;\n  height: 20px;\n}\n.simple-dots .slick-dots li button {\n  border-radius: 50%;\n  background-color: white;\n  opacity: 0.25;\n  width: 20px;\n  height: 20px;\n}\n.simple-dots .slick-dots li button:hover,\n.simple-dots .slick-dots li button:focus {\n  opacity: 1;\n}\n.simple-dots .slick-dots li.slick-active button {\n  color: white;\n  opacity: 0.75;\n}\n.stick-dots .slick-dots li {\n  height: 3px;\n  width: 50px;\n}\n.stick-dots .slick-dots li button {\n  position: relative;\n  background-color: white;\n  width: 25px;\n  height: 25px;\n  border-radius: 20px;\n  border: 3px solid #0079CD;\n  padding: 0;\n}\n.stick-dots .slick-dots li button:hover,\n.stick-dots .slick-dots li button:focus {\n  opacity: 1;\n  background-color: #0079CD;\n  border-color: white;\n}\n.stick-dots .slick-dots li button:before{\n\topacity: 0;\n}\n.stick-dots .slick-dots li.slick-active button {\n  background-color: #0079CD;\n  border-color: white;\n}\n.stick-dots .slick-dots li.slick-active button:hover,\n.stick-dots .slick-dots li.slick-active button:focus {\n  opacity: 1;\n}\n\/* \/\/\/\/\/\/\/\/\/\/\/ IMAGE ZOOM \/\/\/\/\/\/\/\/\/\/\/ *\/\n@-webkit-keyframes zoomInImage {\n  from {\n    -webkit-transform: scale3d(1, 1, 1);\n            transform: scale3d(1, 1, 1);\n  }\n  to {\n    -webkit-transform: scale3d(1.1, 1.1, 1.1);\n            transform: scale3d(1.1, 1.1, 1.1);\n  }\n}\n@keyframes zoomInImage {\n  from {\n    -webkit-transform: scale3d(1, 1, 1);\n            transform: scale3d(1, 1, 1);\n  }\n  to {\n    -webkit-transform: scale3d(1.1, 1.1, 1.1);\n            transform: scale3d(1.1, 1.1, 1.1);\n  }\n}\n.zoomInImage {\n  -webkit-animation-name: zoomInImage;\n          animation-name: zoomInImage;\n}\n@-webkit-keyframes zoomOutImage {\n  from {\n    -webkit-transform: scale3d(1.1, 1.1, 1.1);\n            transform: scale3d(1.1, 1.1, 1.1);\n  }\n  to {\n    -webkit-transform: scale3d(1, 1, 1);\n            transform: scale3d(1, 1, 1);\n  }\n}\n@keyframes zoomOutImage {\n  from {\n    -webkit-transform: scale3d(1.1, 1.1, 1.1);\n            transform: scale3d(1.1, 1.1, 1.1);\n  }\n  to {\n    -webkit-transform: scale3d(1, 1, 1);\n            transform: scale3d(1, 1, 1);\n  }\n}\n.zoomOutImage {\n  -webkit-animation-name: zoomOutImage;\n          animation-name: zoomOutImage;\n}\n\n\n\n\n@media (max-width: 781px) {\n .slider,\n  .slide {\n    height: 500px;\n  }\n}\n\n@media (max-width: 421px) {\n .slider,\n  .slide {\n    height: 500px;\n  }\n}\n\n<\/style>\n\n\t\t\t<div class=\"slider stick-dots\" style=\"direction:ltr;\">\n     <a style=\"height:800px\" href=\"\">\n\n  <div class=\"slide\" style=\"background-image:url(https:\/\/www.axes.com.pl\/wp-content\/uploads\/2020\/10\/cookis-scaled.jpg);background-size:cover;background-position:center center;\">\n\n        <div class=\"slide__content\" style=\"position:relative; z-index:100;\">\n          \n          <div class=\"slide__content--headings light full\" style=\"direction:ltr;\">\n            \n             <h2 class=\"\"><span  class=\"uc_style_simple_slider_elementor_uc_items_attribute_title\" style=\"color:#FFFFFF;\">Polityka prywatno\u015bci<\/span><\/h2>\n             <p class=\"\"><span  class=\"uc_style_simple_slider_elementor_uc_items_attribute_subtitle\" style=\"color:#FFFFFF;color: #ffffff !important;\">Zgodnie z Rozporz\u0105dzeniem Parlamentu Europejskiego i Rady Unii Europejskiej 2016\/679 z dnia 27 kwietnia 2016 r. w sprawie ochrony os\u00f3b fizycznych w zwi\u0105zku z przetwarzaniem danych osobowych i w sprawie swobodnego przep\u0142ywu takich danych oraz uchylenia dyrektywy 95\/46\/WE (dalej RODO)<\/span><\/p>\n             <i class=\"\"><\/i>\n           \n          <\/div>\n        <\/div>\n  <\/div>\n<div class=\"bacgroundSlide\"  >\n<\/div>\n<\/a>\n\n<\/div>\n\t\t\t<!-- end Simple Slider -->\t\t<\/div>\n\t\t\t\t<\/div>\n\t\t\t\t<div class=\"elementor-element elementor-element-96633ff elementor-widget-divider--view-line elementor-widget elementor-widget-divider\" data-id=\"96633ff\" data-element_type=\"widget\" data-widget_type=\"divider.default\">\n\t\t\t\t<div class=\"elementor-widget-container\">\n\t\t\t\t\t<div class=\"elementor-divider\">\n\t\t\t<span class=\"elementor-divider-separator\">\n\t\t\t\t\t\t<\/span>\n\t\t<\/div>\n\t\t\t\t<\/div>\n\t\t\t\t<\/div>\n\t\t\t\t\t\t<\/div>\n\t\t\t\t\t<\/div>\n\t\t<\/div>\n\t\t\t\t\t\t\t\t<\/div>\n\t\t\t\t\t<\/div>\n\t\t<\/section>\n\t\t\t\t<section class=\"elementor-section elementor-top-section elementor-element elementor-element-61214065 elementor-section-boxed elementor-section-height-default elementor-section-height-default\" data-id=\"61214065\" data-element_type=\"section\" data-settings=\"{&quot;ekit_has_onepagescroll_dot&quot;:&quot;yes&quot;}\">\n\t\t\t\t\t\t<div class=\"elementor-container elementor-column-gap-default\">\n\t\t\t\t\t\t\t<div class=\"elementor-row\">\n\t\t\t\t\t<div class=\"elementor-column elementor-col-100 elementor-top-column elementor-element elementor-element-4191fb83\" data-id=\"4191fb83\" data-element_type=\"column\">\n\t\t\t<div class=\"elementor-column-wrap elementor-element-populated\">\n\t\t\t\t\t\t\t<div class=\"elementor-widget-wrap\">\n\t\t\t\t\t\t<div class=\"elementor-element elementor-element-2be5fb6e elementor-widget elementor-widget-text-editor\" data-id=\"2be5fb6e\" data-element_type=\"widget\" data-widget_type=\"text-editor.default\">\n\t\t\t\t<div class=\"elementor-widget-container\">\n\t\t\t\t\t<div class=\"elementor-text-editor elementor-clearfix\"><div class=\"cli_pg_page_contaner\"><h3>Polityka prywatno\u015bci<\/h3><div>Zgodnie z Rozporz\u0105dzeniem Parlamentu Europejskiego i Rady Unii Europejskiej 2016\/679 z dnia 27 kwietnia 2016 r. w sprawie ochrony os\u00f3b fizycznych w zwi\u0105zku z przetwarzaniem danych osobowych i w sprawie swobodnego przep\u0142ywu takich danych oraz uchylenia dyrektywy 95\/46\/WE (dalej RODO), informujemy, \u017ce:<\/div><ol><li>Axes System sp\u00f3\u0142ka z o.o. w Gda\u0144sku ul. Raciborskiego 35, 80-215 Gda\u0144sk, Nr KRS 0000444422, e-mail: axes@axes.com.pl \u2013 jest administratorem Pa\u0144stwa danych osobowych.<\/li><li>Dane osobowe przetwarzamy w nast\u0119puj\u0105cych celach:<ol><li>Zawarcia i wykonania umowy (art. 6 ust.1 lit. b RODO);<\/li><li>Wykonania ci\u0105\u017c\u0105cych na nas w zwi\u0105zku z zawarciem umowy obowi\u0105zk\u00f3w prawnych np. podatkowych lub przechowywania dokumentacji ksi\u0119gowej (art. 6 ust.1 lit. c RODO);<\/li><li>Wynikaj\u0105cych z naszego prawnie uzasadnionego interesu, w celu oferowania naszych produkt\u00f3w (marketing bezpo\u015bredni), sporz\u0105dzania analiz na nasze potrzeby, albo ustalenia, dochodzenia lub obrony przed roszczeniami (art. 6 ust.1 lit. f RODO).<\/li><li>Przekazywania informacji handlowej za pomoc\u0105 \u015brodk\u00f3w komunikacji elektronicznej (e-mail, sms) lub telefonicznie &#8211; na podstawie Pa\u0144stwa zgody (art. 6 ust.1 lit. a RODO).<\/li><\/ol><\/li><li>Dane osobowe mo\u017cemy ujawni\u0107 &#8211; w zakresie niezb\u0119dnym do realizacji \u015bwiadczonych nam us\u0142ug lub ci\u0105\u017c\u0105cego na nas obowi\u0105zku &#8211; nast\u0119puj\u0105cym kategoriom odbiorc\u00f3w:<ol><li>podmiotom przetwarzaj\u0105cym dane w naszym imieniu np. \u015bwiadcz\u0105cym nam us\u0142ugi ksi\u0119gowe, prawne, techniczne lub IT;<\/li><li>innym odbiorcom np. podmiotom prowadz\u0105cym dzia\u0142alno\u015b\u0107 ubezpieczeniow\u0105, bankow\u0105 (w celu ewentualnych zwrot\u00f3w), pocztow\u0105, kuriersk\u0105 albo urz\u0119dom skarbowym.<\/li><\/ol><\/li><li>Dane przechowujemy:<ol><li>przez okres przechowywania dokumentacji ksi\u0119gowej i podatkowej wymagany przepisami prawa, jednak nie kr\u00f3cej ni\u017c przez czas trwania post\u0119powa\u0144 w celu realizacji lub obrony roszcze\u0144;<\/li><li>do czasu uwzgl\u0119dnienia sprzeciwu osoby, kt\u00f3rej dane przetwarzamy na podstawie naszego uzasadnionego interesu; przy czym je\u015bli sprzeciw dotyczy marketingu bezpo\u015bredniego \u2013 zawsze jeste\u015bmy zobowi\u0105zani do zaprzestania przetwarzania danych w tym celu;<\/li><li>do czasu cofni\u0119cia zgody \u2013 w przypadku danych osobowych przetwarzanych na tej podstawie.<\/li><\/ol><\/li><li>Zgodnie z RODO maj\u0105 Pa\u0144stwo prawo do:<ol><li>dost\u0119pu do swoich danych oraz otrzymania ich kopii;<\/li><li>sprostowania swoich danych;<\/li><li>usuni\u0119cia danych lub ograniczenia przetwarzania;<\/li><li>przenoszenia danych;<\/li><li>wniesienia sprzeciwu wobec przetwarzania danych na podstawie naszego uzasadnionego interesu, przy czym je\u015bli sprzeciw dotyczy marketingu bezpo\u015bredniego zawsze zobowi\u0105zani jeste\u015bmy do zaprzestania przetwarzania danych w tym celu;<\/li><li>cofni\u0119cia zgody na przetwarzanie danych, je\u017celi s\u0105 przetwarzane na tej podstawie;<\/li><li>wniesienia skargi do organu nadzorczego tj. Prezesa Urz\u0119du Ochrony Danych Osobowych.<\/li><\/ol><\/li><li>Podanie danych osobowych jest dobrowolne, jednak\u017ce niezb\u0119dne do zawarcia umowy, jej wykonania lub korzystania w pe\u0142ni z oferty naszych serwis\u00f3w internetowych.<\/li><li>Dane osobowe uzyskujemy przede wszystkim od Pa\u0144stwa. Jednak\u017ce w przypadku danych os\u00f3b reprezentuj\u0105cych naszych kontrahent\u00f3w (obejmuj\u0105cych imi\u0119 i nazwisko, pe\u0142nion\u0105 funkcj\u0119, zajmowane stanowisko lub udzielone pe\u0142nomocnictwo, PESEL, adres e-mail, numer telefonu, adres do korespondencji) lub dane os\u00f3b wyznaczonych do kontaktu (zajmowane stanowisko lub udzielone pe\u0142nomocnictwo, adres e-mail, numer telefonu, adres do korespondencji) \u2013 dane te mo\u017cemy otrzymywa\u0107 tak\u017ce od naszych kontrahent\u00f3w, a w przypadku funkcji i numeru PESEL reprezentanta tak\u017ce z Rejestru Przedsi\u0119biorc\u00f3w KRS.<\/li><li>Nie podejmujemy zautomatyzowanych decyzji, w tym profilowania, wywo\u0142uj\u0105cych skutki prawne wobec os\u00f3b, kt\u00f3rych dane dotycz\u0105 lub w podobny spos\u00f3b na ni\u0105 wp\u0142ywaj\u0105cych.<\/li><li>Nie przekazujemy i nie zamierzamy przekazywa\u0107 danych osobowych poza Europejski Obszar Gospodarczy ani do organizacji mi\u0119dzynarodowych.<\/li><\/ol><\/div><\/div>\n\t\t\t\t<\/div>\n\t\t\t\t<\/div>\n\t\t\t\t\t\t<\/div>\n\t\t\t\t\t<\/div>\n\t\t<\/div>\n\t\t\t\t\t\t\t\t<\/div>\n\t\t\t\t\t<\/div>\n\t\t<\/section>\n\t\t\t\t<section class=\"elementor-section elementor-top-section elementor-element elementor-element-7e805b1 elementor-section-boxed elementor-section-height-default elementor-section-height-default\" data-id=\"7e805b1\" data-element_type=\"section\" data-settings=\"{&quot;ekit_has_onepagescroll_dot&quot;:&quot;yes&quot;}\">\n\t\t\t\t\t\t<div class=\"elementor-container elementor-column-gap-default\">\n\t\t\t\t\t\t\t<div class=\"elementor-row\">\n\t\t\t\t\t<div class=\"elementor-column elementor-col-100 elementor-top-column elementor-element elementor-element-5d85375\" data-id=\"5d85375\" data-element_type=\"column\">\n\t\t\t<div class=\"elementor-column-wrap elementor-element-populated\">\n\t\t\t\t\t\t\t<div class=\"elementor-widget-wrap\">\n\t\t\t\t\t\t<div class=\"elementor-element elementor-element-549f882 elementor-widget elementor-widget-text-editor\" data-id=\"549f882\" data-element_type=\"widget\" data-widget_type=\"text-editor.default\">\n\t\t\t\t<div class=\"elementor-widget-container\">\n\t\t\t\t\t<div class=\"elementor-text-editor elementor-clearfix\"><h3>Czym s\u0105 pliki cookies?<\/h3><p>S\u0105 to niewielkie pliki tekstowe, nazywane ciasteczkami (ang. cookies). S\u0105 one wysy\u0142ane przez serwis internetowy, kt\u00f3ry aktualnie odwiedzamy i zapisywane na komputerze. Ciasteczka umo\u017cliwiaj\u0105 zapami\u0119tanie naszych preferencji, a tym samym u\u0142atwiaj\u0105 korzystanie z serwisu. Zgodnie z dyrektyw\u0105 Parlamentu Europejskiego i Rad\u0105 Unii Europejskiej 2002\/58 z dnia 12.07.2002 w sprawie przetwarzania danych osobowych i ochrony prywatno\u015bci w sektorze \u0142\u0105czno\u015bci elektronicznej zmienion\u0105 dyrektyw\u0105 2009\/136 z dnia 25.11.2009, w\u0142a\u015bciciel witryny internetowej musi poinformowa\u0107 u\u017cytkownika strony o tym, w jakim celu wykorzystuje pliki cookies.<\/p><h4>Z dyrektywami mo\u017cna zapozna\u0107 si\u0119 tutaj:<\/h4><p><a href=\"https:\/\/eur-lex.europa.eu\/legal-content\/pl\/TXT\/PDF\/?uri=CELEX:32002L0058\">Dyrektywa 2002\/58 z dnia 12.07.2002 r.<\/a><\/p><p><a href=\"https:\/\/eur-lex.europa.eu\/legal-content\/pl\/TXT\/PDF\/?uri=CELEX:32009L0136\">Dyrektywa 2009\/136 z dnia 25.11.2009 r.<\/a><\/p><h4>W jakim celu strona AXES u\u017cywa cookies?<\/h4><p>Strona AXES u\u017cywa plik\u00f3w cookies do zapami\u0119tywania danych logowania, aby nie trzeba by\u0142o ich wpisywa\u0107 przy ka\u017cdej wizycie. Dane te s\u0105 odpowiednio szyfrowane, co uniemo\u017cliwia dost\u0119p osobom nieuprawionym. Ponadto zapami\u0119tuje wybrany kraj oraz j\u0119zyk wy\u015bwietlania strony, co jest szczeg\u00f3lnie przydatne dla zagranicznych u\u017cytkownik\u00f3w. Nie u\u017cywamy plik\u00f3w cookies do wy\u015bwietlania reklam oraz nie dzielimy si\u0119 informacjami o u\u017cytkownikach z innymi firmami.<\/p><h4>Jak wy\u0142\u0105czy\u0107 mo\u017cliwo\u015b\u0107 zapisywania ciasteczek?<\/h4><ul><li>Google Chrome &#8211; <a href=\"https:\/\/support.google.com\/chrome\/answer\/95647?hl=pl\">instrukcja<\/a><\/li><li>Mozilla Firefox &#8211; <a href=\"https:\/\/support.mozilla.org\/pl\/kb\/wzmocniona-ochrona-przed-sledzeniem-firefox-desktop?redirectlocale=pl&amp;redirectslug=W%C5%82%C4%85czanie+i+wy%C5%82%C4%85czanie+obs%C5%82ugi+ciasteczek\">instrukcja<\/a><\/li><li>Internet Explorer &#8211; <a href=\"https:\/\/support.microsoft.com\/pl-pl\/hub\/4338813\/windows-help?os=windows-10\">instrukcja<\/a><\/li><li>Opera &#8211; <a href=\"https:\/\/help.opera.com\/pl\/latest\/web-preferences\/#cookies\">instrukcja<\/a><\/li><li>Safari &#8211; <a href=\"https:\/\/support.apple.com\/pl-pl\/guide\/safari\/sfri11471\/mac\">instrukcja<\/a><\/li><\/ul><\/div>\n\t\t\t\t<\/div>\n\t\t\t\t<\/div>\n\t\t\t\t\t\t<\/div>\n\t\t\t\t\t<\/div>\n\t\t<\/div>\n\t\t\t\t\t\t\t\t<\/div>\n\t\t\t\t\t<\/div>\n\t\t<\/section>\n\t\t\t\t\t\t<\/div>\n\t\t\t\t\t\t<\/div>\n\t\t\t\t\t<\/div>\n\t\t","protected":false},"excerpt":{"rendered":"<p>Polityka prywatno\u015bci Zgodnie z Rozporz\u0105dzeniem Parlamentu Europejskiego i Rady Unii Europejskiej 2016\/679 z dnia 27 kwietnia 2016 r. w sprawie ochrony os\u00f3b fizycznych w zwi\u0105zku z przetwarzaniem danych osobowych i w sprawie swobodnego przep\u0142ywu takich danych oraz uchylenia dyrektywy 95\/46\/WE (dalej RODO) Polityka prywatno\u015bci Zgodnie z Rozporz\u0105dzeniem Parlamentu Europejskiego i Rady Unii Europejskiej 2016\/679 z [&hellip;]<\/p>\n","protected":false},"author":39,"featured_media":0,"parent":0,"menu_order":0,"comment_status":"closed","ping_status":"closed","template":"elementor_header_footer","meta":[],"_links":{"self":[{"href":"https:\/\/www.axes.com.pl\/index.php?rest_route=\/wp\/v2\/pages\/166"}],"collection":[{"href":"https:\/\/www.axes.com.pl\/index.php?rest_route=\/wp\/v2\/pages"}],"about":[{"href":"https:\/\/www.axes.com.pl\/index.php?rest_route=\/wp\/v2\/types\/page"}],"author":[{"embeddable":true,"href":"https:\/\/www.axes.com.pl\/index.php?rest_route=\/wp\/v2\/users\/39"}],"replies":[{"embeddable":true,"href":"https:\/\/www.axes.com.pl\/index.php?rest_route=%2Fwp%2Fv2%2Fcomments&post=166"}],"version-history":[{"count":47,"href":"https:\/\/www.axes.com.pl\/index.php?rest_route=\/wp\/v2\/pages\/166\/revisions"}],"predecessor-version":[{"id":3034,"href":"https:\/\/www.axes.com.pl\/index.php?rest_route=\/wp\/v2\/pages\/166\/revisions\/3034"}],"wp:attachment":[{"href":"https:\/\/www.axes.com.pl\/index.php?rest_route=%2Fwp%2Fv2%2Fmedia&parent=166"}],"curies":[{"name":"wp","href":"https:\/\/api.w.org\/{rel}","templated":true}]}}